{"id":521,"date":"2019-08-13T11:07:22","date_gmt":"2019-08-13T11:07:22","guid":{"rendered":"https:\/\/cartesa50.com\/sostenibilidad\/"},"modified":"2026-02-26T08:57:07","modified_gmt":"2026-02-26T08:57:07","slug":"sostenibilidad","status":"publish","type":"page","link":"https:\/\/cartesa50.com\/fr\/sostenibilidad\/","title":{"rendered":"Durabilit\u00e9"},"content":{"rendered":"<div class=\"wpb-content-wrapper\">[vc_row full_width=\u00a0\u00bbstretch_row\u00a0\u00bb css=\u00a0\u00bb.vc_custom_1572978923236{background-position: center !important;background-repeat: no-repeat !important;background-size: cover !important;}\u00a0\u00bb visibility=\u00a0\u00bbhidden-phone\u00a0\u00bb][vc_column][vc_single_image image=\u00a0\u00bb522&Prime; alignment=\u00a0\u00bbcenter\u00a0\u00bb][vc_column_text responsive_text=\u00a0\u00bbtrue\u00a0\u00bb font_size=\u00a0\u00bb50&Prime; text_align=\u00a0\u00bbleft\u00a0\u00bb]\n<h1 style=\"text-align: center;\">Durabilit\u00e9 et engagement<\/h1>\n[\/vc_column_text]<div class=\"vcex-spacing wpex-w-100 wpex-clear\" style=\"height:20px;\"><\/div>[vc_column_text]\n<p style=\"text-align: center;\">L\u2019engagement et la responsabilit\u00e9 environnementale en tant que pilier fondamental pour travailler avec un produit recycl\u00e9 issu de l\u2019environnement qui nous entoure et m\u00e9rite d\u2019\u00eatre trait\u00e9 avec soin et respect.<\/p>\n[\/vc_column_text]<div class=\"vcex-spacing wpex-w-100 wpex-clear\" style=\"height:40px;\"><\/div><div class=\"vcex-module vcex-divider vcex-divider-solid vcex-divider-center wpex-mx-auto wpex-max-w-100 vcex-divider-has-icon wpex-flex wpex-items-center\" style=\"width:30%;\"><div class=\"vcex-divider-border wpex-flex-grow wpex-border-b wpex-border-solid wpex-border-main\" style=\"border-color:#000000;border-bottom-width:1px;\"><\/div><span class=\"vcex-divider-icon-span wpex-inline-flex wpex-justify-center wpex-items-center wpex-box-content wpex-inline-block wpex-text-center wpex-text-lg wpex-py-10 wpex-px-20\" style=\"font-size:20px;color:#76ab4c;\"><span class=\"wpex-icon\" aria-hidden=\"true\"><svg xmlns=\"http:\/\/www.w3.org\/2000\/svg\" viewBox=\"0 0 32 32\"><path d=\"M22.857 12.571q0-0.464-0.339-0.804t-0.804-0.339q-3.071 0-5.679 0.884t-4.634 2.393-4.205 3.92q-0.339 0.375-0.339 0.804 0 0.464 0.339 0.804t0.804 0.339q0.429 0 0.804-0.339 0.482-0.429 1.321-1.268t1.196-1.179q2.446-2.214 4.795-3.143t5.598-0.929q0.464 0 0.804-0.339t0.339-0.804zM32 9.036q0 1.696-0.357 3.446-0.821 4-3.295 6.839t-6.384 4.786q-3.821 1.929-7.821 1.929-2.643 0-5.107-0.839-0.268-0.089-1.571-0.75t-1.714-0.661q-0.286 0-0.705 0.571t-0.804 1.25-0.938 1.25-1.071 0.571q-0.768 0-1.134-0.313t-0.813-1.063q-0.036-0.071-0.107-0.196t-0.098-0.179-0.054-0.17-0.027-0.241q0-0.625 0.554-1.313t1.214-1.17 1.214-1 0.554-0.857q0-0.071-0.25-0.679t-0.286-0.786q-0.161-0.911-0.161-1.857 0-2.054 0.777-3.929t2.125-3.295 3.045-2.482 3.643-1.705q0.982-0.321 2.589-0.455t3.205-0.161 3.188-0.107 2.92-0.429 2.027-1.009l0.527-0.527t0.527-0.5 0.482-0.357 0.652-0.286 0.777-0.080q0.696 0 1.259 0.821t0.848 2 0.429 2.214 0.143 1.714z\"><\/path><\/svg><\/span><\/span><div class=\"vcex-divider-border wpex-flex-grow wpex-border-b wpex-border-solid wpex-border-main\" style=\"border-color:#000000;border-bottom-width:1px;\"><\/div><\/div><div class=\"vcex-spacing wpex-w-100 wpex-clear\" style=\"height:40px;\"><\/div>[vc_row_inner css=\u00a0\u00bb.vc_custom_1575481588165{padding-top: 30px !important;padding-right: 30px !important;padding-left: 30px !important;background-color: #76ab4c !important;}\u00a0\u00bb][vc_column_inner width=\u00a0\u00bb1\/3&Prime;][vc_column_text responsive_text=\u00a0\u00bbtrue\u00a0\u00bb text_align=\u00a0\u00bbcenter\u00a0\u00bb font_size=\u00a0\u00bb50&Prime;]\n<h3 style=\"text-align: center;\"><strong><span style=\"font-size: 32px;\"><span class=\"white-text\">Nous recyclons et sommes recyclables!<\/span><\/span><\/strong><\/h3>\n[\/vc_column_text][\/vc_column_inner][vc_column_inner width=\u00a0\u00bb1\/3&Prime;]<div class=\"vcex-spacing wpex-w-100 wpex-clear\" style=\"height:20px;\"><\/div>[vc_single_image image=\u00a0\u00bb526&Prime; img_size=\u00a0\u00bbthumbnail\u00a0\u00bb alignment=\u00a0\u00bbcenter\u00a0\u00bb style=\u00a0\u00bbvc_box_circle_2&Prime;][\/vc_column_inner][vc_column_inner width=\u00a0\u00bb1\/3&Prime;]<div class=\"vcex-spacing wpex-w-100 wpex-clear\" style=\"height:20px;\"><\/div>[vc_column_text font_family=\u00a0\u00bbMontserrat\u00a0\u00bb font_size=\u00a0\u00bbd:20|tl:20|tp:20|pl:16|pp:16&Prime; font_weight=\u00a0\u00bb400&Prime;]\n<p style=\"text-align: center;\"><span class=\"white-text\" style=\"font-size: 18px;\">L&rsquo;origine de nos cartons est le papier utilis\u00e9 et r\u00e9cup\u00e9r\u00e9 pour une nouvelle utilisation, tout comme notre produit final 100% recyclable.<\/span><\/p>\n[\/vc_column_text][\/vc_column_inner][\/vc_row_inner][vc_row_inner][vc_column_inner width=\u00a0\u00bb2\/3&Prime;]<div class=\"vcex-spacing wpex-w-100 wpex-clear\" style=\"height:40px;\"><\/div>[vc_column_text responsive_text=\u00a0\u00bbtrue\u00a0\u00bb text_align=\u00a0\u00bbcenter\u00a0\u00bb font_size=\u00a0\u00bb50&Prime;]\n<h3 style=\"text-align: left;\"><span style=\"font-size: 32px;\">Respecter l&rsquo;environnement, offrir le meilleur retour<\/span><\/h3>\n[\/vc_column_text]<div class=\"vcex-spacing wpex-w-100 wpex-clear\" style=\"height:20px;\"><\/div>[vc_column_text]La mise en \u0153uvre de notre syst\u00e8me de cha\u00eene de contr\u00f4le n\u00e9cessite de maintenir les efforts pour garantir que le carton que nous fabriquons et distribuons est certifi\u00e9 en FSC\u00ae. Ainsi, nous sommes toujours s\u00fbrs d&rsquo;utiliser des mat\u00e9riaux provenant d&rsquo;exploitations contr\u00f4l\u00e9es, qui respectent la gestion \u00e9cologique, sociale et responsable de la for\u00eat. Nous exigerons toujours de nous-m\u00eames et de nos fournisseurs les conditions n\u00e9cessaires pour que nos mati\u00e8res premi\u00e8res ne viennent pas d&rsquo;une exploitation foresti\u00e8re ill\u00e9gale ou conflictuelle.<\/p>\n<p>Tous nos produits peuvent \u00eatre certifi\u00e9s FSC, \u00e0 condition que cela soit demand\u00e9 dans la commande correspondante.[\/vc_column_text]<div class=\"vcex-spacing wpex-w-100 wpex-clear\" style=\"height:40px;\"><\/div><style>.vcex-button.vcex_6a0731e699d1d{background:#76ab4c;color:#ffffff!important;text-transform:none;}.vcex-button.vcex_6a0731e699d1d:hover{background:#4f7a2d!important;color:#ffffff!important;}<\/style><div class=\"theme-button-wrap theme-button-block-wrap wpex-block wpex-clear wpex-clr\"><a href=\"https:\/\/cartesa50.com\/descargar-pdf\/CERTFICADO-FSC-ED4-ACTUALIZADO-2025-2029.pdf\" class=\"vcex-button theme-button medium align-left block vcex_6a0731e699d1d\" target=\"_blank\" download rel=\"noopener noreferrer\"><span class=\"vcex-button-inner theme-button-inner wpex-flex wpex-flex-wrap wpex-items-center wpex-justify-center\">T\u00e9l\u00e9charger le certificat <\/span><\/a><\/div> [\/vc_column_inner][vc_column_inner width=\u00a0\u00bb1\/3&Prime;]<div class=\"vcex-spacing wpex-w-100 wpex-clear hidden-phone\" style=\"height:180px;\"><\/div>[vc_single_image image=\u00a0\u00bb745&Prime; alignment=\u00a0\u00bbcenter\u00a0\u00bb][\/vc_column_inner][\/vc_row_inner][\/vc_column][\/vc_row][vc_row full_width=\u00a0\u00bbstretch_row\u00a0\u00bb css=\u00a0\u00bb.vc_custom_1575464388179{background-position: center !important;background-repeat: no-repeat !important;background-size: cover !important;}\u00a0\u00bb visibility=\u00a0\u00bbvisible-phone\u00a0\u00bb][vc_column][vc_single_image image=\u00a0\u00bb522&Prime; alignment=\u00a0\u00bbcenter\u00a0\u00bb][vc_column_text responsive_text=\u00a0\u00bbtrue\u00a0\u00bb font_size=\u00a0\u00bb50&Prime; text_align=\u00a0\u00bbleft\u00a0\u00bb]\n<h2 style=\"text-align: center;\">Durabilit\u00e9 et engagement<\/h2>\n[\/vc_column_text]<div class=\"vcex-spacing wpex-w-100 wpex-clear\" style=\"height:20px;\"><\/div>[vc_column_text]\n<p style=\"text-align: center;\">L\u2019engagement et la responsabilit\u00e9 environnementale en tant que pilier fondamental pour travailler avec un produit recycl\u00e9 issu de l\u2019environnement qui nous entoure et m\u00e9rite d\u2019\u00eatre trait\u00e9 avec soin et respect.<\/p>\n[\/vc_column_text]<div class=\"vcex-spacing wpex-w-100 wpex-clear\" style=\"height:40px;\"><\/div><div class=\"vcex-module vcex-divider vcex-divider-solid vcex-divider-center wpex-mx-auto wpex-max-w-100 vcex-divider-has-icon wpex-flex wpex-items-center\" style=\"width:30%;\"><div class=\"vcex-divider-border wpex-flex-grow wpex-border-b wpex-border-solid wpex-border-main\" style=\"border-color:#000000;border-bottom-width:1px;\"><\/div><span class=\"vcex-divider-icon-span wpex-inline-flex wpex-justify-center wpex-items-center wpex-box-content wpex-inline-block wpex-text-center wpex-text-lg wpex-py-10 wpex-px-20\" style=\"font-size:20px;color:#76ab4c;\"><span class=\"wpex-icon\" aria-hidden=\"true\"><svg xmlns=\"http:\/\/www.w3.org\/2000\/svg\" viewBox=\"0 0 32 32\"><path d=\"M22.857 12.571q0-0.464-0.339-0.804t-0.804-0.339q-3.071 0-5.679 0.884t-4.634 2.393-4.205 3.92q-0.339 0.375-0.339 0.804 0 0.464 0.339 0.804t0.804 0.339q0.429 0 0.804-0.339 0.482-0.429 1.321-1.268t1.196-1.179q2.446-2.214 4.795-3.143t5.598-0.929q0.464 0 0.804-0.339t0.339-0.804zM32 9.036q0 1.696-0.357 3.446-0.821 4-3.295 6.839t-6.384 4.786q-3.821 1.929-7.821 1.929-2.643 0-5.107-0.839-0.268-0.089-1.571-0.75t-1.714-0.661q-0.286 0-0.705 0.571t-0.804 1.25-0.938 1.25-1.071 0.571q-0.768 0-1.134-0.313t-0.813-1.063q-0.036-0.071-0.107-0.196t-0.098-0.179-0.054-0.17-0.027-0.241q0-0.625 0.554-1.313t1.214-1.17 1.214-1 0.554-0.857q0-0.071-0.25-0.679t-0.286-0.786q-0.161-0.911-0.161-1.857 0-2.054 0.777-3.929t2.125-3.295 3.045-2.482 3.643-1.705q0.982-0.321 2.589-0.455t3.205-0.161 3.188-0.107 2.92-0.429 2.027-1.009l0.527-0.527t0.527-0.5 0.482-0.357 0.652-0.286 0.777-0.080q0.696 0 1.259 0.821t0.848 2 0.429 2.214 0.143 1.714z\"><\/path><\/svg><\/span><\/span><div class=\"vcex-divider-border wpex-flex-grow wpex-border-b wpex-border-solid wpex-border-main\" style=\"border-color:#000000;border-bottom-width:1px;\"><\/div><\/div>[vc_column_text responsive_text=\u00a0\u00bbtrue\u00a0\u00bb css=\u00a0\u00bb.vc_custom_1575910852640{padding-top: 20px !important;padding-right: 20px !important;padding-bottom: 20px !important;padding-left: 20px !important;background-color: #76ab4c !important;}\u00a0\u00bb text_align=\u00a0\u00bbcenter\u00a0\u00bb font_size=\u00a0\u00bb50&Prime;]\n<h3 style=\"text-align: center;\"><span style=\"font-size: 28px;\"><strong><span class=\"white-text\">Nous recyclons et sommes recyclables!<\/span><\/strong><\/span><\/h3>\n[\/vc_column_text][vc_single_image image=\u00a0\u00bb526&Prime; img_size=\u00a0\u00bbthumbnail\u00a0\u00bb alignment=\u00a0\u00bbcenter\u00a0\u00bb style=\u00a0\u00bbvc_box_circle_2&Prime; css=\u00a0\u00bb.vc_custom_1575910577523{padding-top: 10px !important;padding-right: 10px !important;padding-bottom: 30px !important;padding-left: 10px !important;background-color: #76ab4c !important;}\u00a0\u00bb][vc_column_text css=\u00a0\u00bb.vc_custom_1575911570209{padding-top: 10px !important;padding-right: 20px !important;padding-bottom: 40px !important;padding-left: 20px !important;background-color: #76ab4c !important;}\u00a0\u00bb]\n<p style=\"text-align: center;\"><strong><span class=\"white-text\" style=\"font-size: 16px;\">L&rsquo;origine de nos cartons est le papier utilis\u00e9 et r\u00e9cup\u00e9r\u00e9 pour une nouvelle utilisation, tout comme notre produit final 100% recyclable.<\/span><\/strong><\/p>\n[\/vc_column_text][vc_column_text responsive_text=\u00a0\u00bbtrue\u00a0\u00bb text_align=\u00a0\u00bbcenter\u00a0\u00bb font_size=\u00a0\u00bb50&Prime;]\n<h3 style=\"text-align: left;\"><span style=\"font-size: 32px;\">Respecter l&rsquo;environnement, offrir le meilleur retour<\/span><\/h3>\n[\/vc_column_text]<div class=\"vcex-spacing wpex-w-100 wpex-clear\" style=\"height:20px;\"><\/div>[vc_column_text]La mise en \u0153uvre de notre syst\u00e8me de cha\u00eene de contr\u00f4le n\u00e9cessite de maintenir les efforts pour garantir que le carton que nous fabriquons et distribuons est certifi\u00e9 PEFC ou FSC\u00ae. Ainsi, nous sommes toujours s\u00fbrs d&rsquo;utiliser des mat\u00e9riaux provenant d&rsquo;exploitations contr\u00f4l\u00e9es, qui respectent la gestion \u00e9cologique, sociale et responsable de la for\u00eat. Nous exigerons toujours de nous-m\u00eames et de nos fournisseurs les conditions n\u00e9cessaires pour que nos mati\u00e8res premi\u00e8res ne viennent pas d&rsquo;une exploitation foresti\u00e8re ill\u00e9gale ou conflictuelle.[\/vc_column_text]<div class=\"vcex-spacing wpex-w-100 wpex-clear\" style=\"height:40px;\"><\/div><style>.vcex-button.vcex_6a0731e69ad8b{background:#76ab4c;color:#ffffff!important;text-transform:none;}.vcex-button.vcex_6a0731e69ad8b:hover{background:#4f7a2d!important;color:#ffffff!important;}<\/style><div class=\"theme-button-wrap theme-button-block-wrap wpex-block wpex-clear wpex-clr\"><a href=\"https:\/\/cartesa50.com\/descargar-pdf\/Certificado-FSC-2024-29-Ed3-Cartesa50.pdf\" class=\"vcex-button theme-button medium align-left block vcex_6a0731e69ad8b\" target=\"_blank\" download rel=\"noopener noreferrer\"><span class=\"vcex-button-inner theme-button-inner wpex-flex wpex-flex-wrap wpex-items-center wpex-justify-center\">T\u00e9l\u00e9charger le certificat<\/span><\/a><\/div> <div class=\"vcex-spacing wpex-w-100 wpex-clear visible-phone\"><\/div>[vc_single_image image=\u00a0\u00bb745&Prime; alignment=\u00a0\u00bbcenter\u00a0\u00bb css=\u00a0\u00bb\u00a0\u00bb][\/vc_column][\/vc_row][vc_row full_width=\u00a0\u00bbstretch_row\u00a0\u00bb visibility=\u00a0\u00bbhidden-phone\u00a0\u00bb][vc_column]<div class=\"vcex-module vcex-divider vcex-divider-solid vcex-divider-center wpex-mx-auto wpex-max-w-100 vcex-divider-has-icon wpex-flex wpex-items-center\" style=\"width:30%;\"><div class=\"vcex-divider-border wpex-flex-grow wpex-border-b wpex-border-solid wpex-border-main\" style=\"border-color:#000000;border-bottom-width:1px;\"><\/div><span class=\"vcex-divider-icon-span wpex-inline-flex wpex-justify-center wpex-items-center wpex-box-content wpex-inline-block wpex-text-center wpex-text-lg wpex-py-10 wpex-px-20\" style=\"font-size:20px;color:#76ab4c;\"><span class=\"wpex-icon\" aria-hidden=\"true\"><svg xmlns=\"http:\/\/www.w3.org\/2000\/svg\" viewBox=\"0 0 32 32\"><path d=\"M22.857 12.571q0-0.464-0.339-0.804t-0.804-0.339q-3.071 0-5.679 0.884t-4.634 2.393-4.205 3.92q-0.339 0.375-0.339 0.804 0 0.464 0.339 0.804t0.804 0.339q0.429 0 0.804-0.339 0.482-0.429 1.321-1.268t1.196-1.179q2.446-2.214 4.795-3.143t5.598-0.929q0.464 0 0.804-0.339t0.339-0.804zM32 9.036q0 1.696-0.357 3.446-0.821 4-3.295 6.839t-6.384 4.786q-3.821 1.929-7.821 1.929-2.643 0-5.107-0.839-0.268-0.089-1.571-0.75t-1.714-0.661q-0.286 0-0.705 0.571t-0.804 1.25-0.938 1.25-1.071 0.571q-0.768 0-1.134-0.313t-0.813-1.063q-0.036-0.071-0.107-0.196t-0.098-0.179-0.054-0.17-0.027-0.241q0-0.625 0.554-1.313t1.214-1.17 1.214-1 0.554-0.857q0-0.071-0.25-0.679t-0.286-0.786q-0.161-0.911-0.161-1.857 0-2.054 0.777-3.929t2.125-3.295 3.045-2.482 3.643-1.705q0.982-0.321 2.589-0.455t3.205-0.161 3.188-0.107 2.92-0.429 2.027-1.009l0.527-0.527t0.527-0.5 0.482-0.357 0.652-0.286 0.777-0.080q0.696 0 1.259 0.821t0.848 2 0.429 2.214 0.143 1.714z\"><\/path><\/svg><\/span><\/span><div class=\"vcex-divider-border wpex-flex-grow wpex-border-b wpex-border-solid wpex-border-main\" style=\"border-color:#000000;border-bottom-width:1px;\"><\/div><\/div>[vc_column_text responsive_text=\u00a0\u00bbtrue\u00a0\u00bb text_align=\u00a0\u00bbcenter\u00a0\u00bb font_size=\u00a0\u00bb50&Prime;]\n<h3 style=\"text-align: center;\"><span style=\"font-size: 32px;\">Toute notre \u00e9lectricit\u00e9 provient de sources 100% durables.<\/span><\/h3>\n[\/vc_column_text]<div class=\"vcex-spacing wpex-w-100 wpex-clear\"><\/div>[\/vc_column][\/vc_row][vc_row full_width=\u00a0\u00bbstretch_row\u00a0\u00bb visibility=\u00a0\u00bbhidden-phone\u00a0\u00bb][vc_column]<div class=\"vcex-module vcex-divider vcex-divider-solid vcex-divider-center wpex-mx-auto wpex-max-w-100 vcex-divider-has-icon wpex-flex wpex-items-center\" style=\"width:30%;\"><div class=\"vcex-divider-border wpex-flex-grow wpex-border-b wpex-border-solid wpex-border-main\" style=\"border-color:#000000;border-bottom-width:1px;\"><\/div><span class=\"vcex-divider-icon-span wpex-inline-flex wpex-justify-center wpex-items-center wpex-box-content wpex-inline-block wpex-text-center wpex-text-lg wpex-py-10 wpex-px-20\" style=\"font-size:20px;color:#76ab4c;\"><span class=\"wpex-icon\" aria-hidden=\"true\"><svg xmlns=\"http:\/\/www.w3.org\/2000\/svg\" viewBox=\"0 0 32 32\"><path d=\"M22.857 12.571q0-0.464-0.339-0.804t-0.804-0.339q-3.071 0-5.679 0.884t-4.634 2.393-4.205 3.92q-0.339 0.375-0.339 0.804 0 0.464 0.339 0.804t0.804 0.339q0.429 0 0.804-0.339 0.482-0.429 1.321-1.268t1.196-1.179q2.446-2.214 4.795-3.143t5.598-0.929q0.464 0 0.804-0.339t0.339-0.804zM32 9.036q0 1.696-0.357 3.446-0.821 4-3.295 6.839t-6.384 4.786q-3.821 1.929-7.821 1.929-2.643 0-5.107-0.839-0.268-0.089-1.571-0.75t-1.714-0.661q-0.286 0-0.705 0.571t-0.804 1.25-0.938 1.25-1.071 0.571q-0.768 0-1.134-0.313t-0.813-1.063q-0.036-0.071-0.107-0.196t-0.098-0.179-0.054-0.17-0.027-0.241q0-0.625 0.554-1.313t1.214-1.17 1.214-1 0.554-0.857q0-0.071-0.25-0.679t-0.286-0.786q-0.161-0.911-0.161-1.857 0-2.054 0.777-3.929t2.125-3.295 3.045-2.482 3.643-1.705q0.982-0.321 2.589-0.455t3.205-0.161 3.188-0.107 2.92-0.429 2.027-1.009l0.527-0.527t0.527-0.5 0.482-0.357 0.652-0.286 0.777-0.080q0.696 0 1.259 0.821t0.848 2 0.429 2.214 0.143 1.714z\"><\/path><\/svg><\/span><\/span><div class=\"vcex-divider-border wpex-flex-grow wpex-border-b wpex-border-solid wpex-border-main\" style=\"border-color:#000000;border-bottom-width:1px;\"><\/div><\/div>[vc_column_text responsive_text=\u00a0\u00bbtrue\u00a0\u00bb text_align=\u00a0\u00bbcenter\u00a0\u00bb font_size=\u00a0\u00bb50&Prime;]\n<h3 style=\"text-align: center;\"><span style=\"font-size: 32px;\">Maintenant et \u00e0 l&rsquo;avenir, nous continuerons \u00e0 promouvoir des mesures qui d\u00e9montrent notre respect pour l&rsquo;environnement et la durabilit\u00e9.<\/span><\/h3>\n[\/vc_column_text]<div class=\"vcex-spacing wpex-w-100 wpex-clear\"><\/div>[\/vc_column][\/vc_row][vc_row full_width=\u00a0\u00bbstretch_row\u00a0\u00bb visibility=\u00a0\u00bbvisible-phone\u00a0\u00bb][vc_column]<div class=\"vcex-module vcex-divider vcex-divider-solid vcex-divider-center wpex-mx-auto wpex-max-w-100 vcex-divider-has-icon wpex-flex wpex-items-center\" style=\"width:30%;\"><div class=\"vcex-divider-border wpex-flex-grow wpex-border-b wpex-border-solid wpex-border-main\" style=\"border-color:#000000;border-bottom-width:1px;\"><\/div><span class=\"vcex-divider-icon-span wpex-inline-flex wpex-justify-center wpex-items-center wpex-box-content wpex-inline-block wpex-text-center wpex-text-lg wpex-py-10 wpex-px-20\" style=\"font-size:20px;color:#76ab4c;\"><span class=\"wpex-icon\" aria-hidden=\"true\"><svg xmlns=\"http:\/\/www.w3.org\/2000\/svg\" viewBox=\"0 0 32 32\"><path d=\"M22.857 12.571q0-0.464-0.339-0.804t-0.804-0.339q-3.071 0-5.679 0.884t-4.634 2.393-4.205 3.92q-0.339 0.375-0.339 0.804 0 0.464 0.339 0.804t0.804 0.339q0.429 0 0.804-0.339 0.482-0.429 1.321-1.268t1.196-1.179q2.446-2.214 4.795-3.143t5.598-0.929q0.464 0 0.804-0.339t0.339-0.804zM32 9.036q0 1.696-0.357 3.446-0.821 4-3.295 6.839t-6.384 4.786q-3.821 1.929-7.821 1.929-2.643 0-5.107-0.839-0.268-0.089-1.571-0.75t-1.714-0.661q-0.286 0-0.705 0.571t-0.804 1.25-0.938 1.25-1.071 0.571q-0.768 0-1.134-0.313t-0.813-1.063q-0.036-0.071-0.107-0.196t-0.098-0.179-0.054-0.17-0.027-0.241q0-0.625 0.554-1.313t1.214-1.17 1.214-1 0.554-0.857q0-0.071-0.25-0.679t-0.286-0.786q-0.161-0.911-0.161-1.857 0-2.054 0.777-3.929t2.125-3.295 3.045-2.482 3.643-1.705q0.982-0.321 2.589-0.455t3.205-0.161 3.188-0.107 2.92-0.429 2.027-1.009l0.527-0.527t0.527-0.5 0.482-0.357 0.652-0.286 0.777-0.080q0.696 0 1.259 0.821t0.848 2 0.429 2.214 0.143 1.714z\"><\/path><\/svg><\/span><\/span><div class=\"vcex-divider-border wpex-flex-grow wpex-border-b wpex-border-solid wpex-border-main\" style=\"border-color:#000000;border-bottom-width:1px;\"><\/div><\/div>[vc_column_text responsive_text=\u00a0\u00bbtrue\u00a0\u00bb text_align=\u00a0\u00bbcenter\u00a0\u00bb]\n<h3 style=\"text-align: center;\"><span style=\"font-size: 32px;\">Toute notre \u00e9lectricit\u00e9 provient de sources 100% durables.<\/span><\/h3>\n[\/vc_column_text][\/vc_column][\/vc_row][vc_row full_width=\u00a0\u00bbstretch_row\u00a0\u00bb visibility=\u00a0\u00bbvisible-phone\u00a0\u00bb][vc_column]<div class=\"vcex-module vcex-divider vcex-divider-solid vcex-divider-center wpex-mx-auto wpex-max-w-100 vcex-divider-has-icon wpex-flex wpex-items-center\" style=\"width:30%;\"><div class=\"vcex-divider-border wpex-flex-grow wpex-border-b wpex-border-solid wpex-border-main\" style=\"border-color:#000000;border-bottom-width:1px;\"><\/div><span class=\"vcex-divider-icon-span wpex-inline-flex wpex-justify-center wpex-items-center wpex-box-content wpex-inline-block wpex-text-center wpex-text-lg wpex-py-10 wpex-px-20\" style=\"font-size:20px;color:#76ab4c;\"><span class=\"wpex-icon\" aria-hidden=\"true\"><svg xmlns=\"http:\/\/www.w3.org\/2000\/svg\" viewBox=\"0 0 32 32\"><path d=\"M22.857 12.571q0-0.464-0.339-0.804t-0.804-0.339q-3.071 0-5.679 0.884t-4.634 2.393-4.205 3.92q-0.339 0.375-0.339 0.804 0 0.464 0.339 0.804t0.804 0.339q0.429 0 0.804-0.339 0.482-0.429 1.321-1.268t1.196-1.179q2.446-2.214 4.795-3.143t5.598-0.929q0.464 0 0.804-0.339t0.339-0.804zM32 9.036q0 1.696-0.357 3.446-0.821 4-3.295 6.839t-6.384 4.786q-3.821 1.929-7.821 1.929-2.643 0-5.107-0.839-0.268-0.089-1.571-0.75t-1.714-0.661q-0.286 0-0.705 0.571t-0.804 1.25-0.938 1.25-1.071 0.571q-0.768 0-1.134-0.313t-0.813-1.063q-0.036-0.071-0.107-0.196t-0.098-0.179-0.054-0.17-0.027-0.241q0-0.625 0.554-1.313t1.214-1.17 1.214-1 0.554-0.857q0-0.071-0.25-0.679t-0.286-0.786q-0.161-0.911-0.161-1.857 0-2.054 0.777-3.929t2.125-3.295 3.045-2.482 3.643-1.705q0.982-0.321 2.589-0.455t3.205-0.161 3.188-0.107 2.92-0.429 2.027-1.009l0.527-0.527t0.527-0.5 0.482-0.357 0.652-0.286 0.777-0.080q0.696 0 1.259 0.821t0.848 2 0.429 2.214 0.143 1.714z\"><\/path><\/svg><\/span><\/span><div class=\"vcex-divider-border wpex-flex-grow wpex-border-b wpex-border-solid wpex-border-main\" style=\"border-color:#000000;border-bottom-width:1px;\"><\/div><\/div>[vc_column_text responsive_text=\u00a0\u00bbtrue\u00a0\u00bb text_align=\u00a0\u00bbcenter\u00a0\u00bb]\n<h3 style=\"text-align: center;\"><span style=\"font-size: 32px;\">Maintenant et \u00e0 l&rsquo;avenir, nous continuerons \u00e0 promouvoir des mesures qui d\u00e9montrent notre respect pour l&rsquo;environnement et la durabilit\u00e9.<\/span><\/h3>\n[\/vc_column_text][\/vc_column][\/vc_row][vc_row][vc_column][vc_column_text css=\u00a0\u00bb\u00a0\u00bb font_size=\u00a0\u00bb12px\u00a0\u00bb]Ic\u00f4ne de recyclage : <a href=\"https:\/\/www.freepik.com\/free-photo\/natural-protect-environment-business-concept_1047408.htm#fromView=search&amp;page=3&amp;position=17&amp;uuid=21e4d606-2388-42f2-bc7b-4fea2d0fbff2&amp;query=recycling\" target=\"_blank\" rel=\"noopener\">Freepik<\/a>[\/vc_column_text][\/vc_column][\/vc_row]\n<\/div>","protected":false},"excerpt":{"rendered":"<p>[vc_row full_width=\u00a0\u00bbstretch_row\u00a0\u00bb css=\u00a0\u00bb.vc_custom_1572978923236{background-position: center !important;background-repeat: no-repeat !important;background-size: cover !important;}\u00a0\u00bb visibility=\u00a0\u00bbhidden-phone\u00a0\u00bb][vc_column][vc_single_image image=\u00a0\u00bb522&Prime; alignment=\u00a0\u00bbcenter\u00a0\u00bb][vc_column_text responsive_text=\u00a0\u00bbtrue\u00a0\u00bb font_size=\u00a0\u00bb50&Prime; text_align=\u00a0\u00bbleft\u00a0\u00bb] Durabilit\u00e9 et engagement [\/vc_column_text][vc_column_text] L\u2019engagement et la responsabilit\u00e9 environnementale en tant que pilier fondamental pour travailler avec un produit recycl\u00e9 issu de l\u2019environnement qui nous entoure et m\u00e9rite d\u2019\u00eatre trait\u00e9 avec soin et respect. [\/vc_column_text][vc_row_inner css=\u00a0\u00bb.vc_custom_1575481588165{padding-top: 30px !important;padding-right: 30px !important;padding-left:&hellip;<\/p>\n","protected":false},"author":1,"featured_media":0,"parent":0,"menu_order":0,"comment_status":"closed","ping_status":"closed","template":"","meta":{"footnotes":""},"class_list":["post-521","page","type-page","status-publish","hentry","entry","no-media"],"_links":{"self":[{"href":"https:\/\/cartesa50.com\/fr\/wp-json\/wp\/v2\/pages\/521","targetHints":{"allow":["GET"]}}],"collection":[{"href":"https:\/\/cartesa50.com\/fr\/wp-json\/wp\/v2\/pages"}],"about":[{"href":"https:\/\/cartesa50.com\/fr\/wp-json\/wp\/v2\/types\/page"}],"author":[{"embeddable":true,"href":"https:\/\/cartesa50.com\/fr\/wp-json\/wp\/v2\/users\/1"}],"replies":[{"embeddable":true,"href":"https:\/\/cartesa50.com\/fr\/wp-json\/wp\/v2\/comments?post=521"}],"version-history":[{"count":15,"href":"https:\/\/cartesa50.com\/fr\/wp-json\/wp\/v2\/pages\/521\/revisions"}],"predecessor-version":[{"id":749,"href":"https:\/\/cartesa50.com\/fr\/wp-json\/wp\/v2\/pages\/521\/revisions\/749"}],"wp:attachment":[{"href":"https:\/\/cartesa50.com\/fr\/wp-json\/wp\/v2\/media?parent=521"}],"curies":[{"name":"wp","href":"https:\/\/api.w.org\/{rel}","templated":true}]}}