{"id":463,"date":"2019-07-30T17:51:11","date_gmt":"2019-07-30T17:51:11","guid":{"rendered":"https:\/\/cartesa50.com\/inicio\/"},"modified":"2023-04-03T12:59:19","modified_gmt":"2023-04-03T12:59:19","slug":"inicio","status":"publish","type":"page","link":"https:\/\/cartesa50.com\/fr\/","title":{"rendered":"Home"},"content":{"rendered":"<div class=\"wpb-content-wrapper\">[vc_row full_width=\u00a0\u00bbstretch_row_content_no_spaces\u00a0\u00bb css=\u00a0\u00bb.vc_custom_1572974177423{background-position: center !important;background-repeat: no-repeat !important;background-size: cover !important;}\u00a0\u00bb min_height=\u00a0\u00bb600px\u00a0\u00bb visibility=\u00a0\u00bbhidden-phone\u00a0\u00bb][vc_column][rev_slider_vc alias=\u00a0\u00bbslider-frances\u00a0\u00bb][\/vc_column][\/vc_row][vc_row full_width=\u00a0\u00bbstretch_row\u00a0\u00bb column_spacing=\u00a0\u00bb50&Prime; visibility=\u00a0\u00bbvisible-desktop\u00a0\u00bb][vc_column width=\u00a0\u00bb1\/3&Prime;]<div class=\"vcex-spacing wpex-w-100 wpex-clear hidden-phone\" style=\"height:50px;\"><\/div><style>.vcex-icon-box.vcex_6a071e6c5db6f .vcex-icon-box-heading{color:#000000;font-size:40px;font-weight:400;}.vcex-icon-box.vcex_6a071e6c5db6f .vcex-icon-box-icon{font-size:40px;color:#ffffff;background-color:#76ab4c;border-radius:50%;height:80px;width:80px;}.vcex-icon-box.vcex_6a071e6c5db6f .vcex-icon-box-symbol--icon{margin-block-end:30px;}<\/style><div class=\"vcex-module vcex-icon-box vcex-icon-box-two wpex-block wpex-text-center vcex_6a071e6c5db6f\"><div class=\"vcex-icon-box-symbol vcex-icon-box-symbol--icon wpex-mb-20\"><div class=\"vcex-icon-box-icon wpex-items-center wpex-justify-center wpex-child-inherit-color wpex-text-center wpex-leading-none wpex-inline-flex wpex-text-1\"><span class=\"wpex-flex wpex-icon\" aria-hidden=\"true\"><svg xmlns=\"http:\/\/www.w3.org\/2000\/svg\" viewBox=\"0 0 640 512\"><path d=\"M272.2 64.6l-51.1 51.1c-15.3 4.2-29.5 11.9-41.5 22.5L153 161.9C142.8 171 129.5 176 115.8 176H96V304c20.4 .6 39.8 8.9 54.3 23.4l35.6 35.6 7 7 0 0L219.9 397c6.2 6.2 16.4 6.2 22.6 0c1.7-1.7 3-3.7 3.7-5.8c2.8-7.7 9.3-13.5 17.3-15.3s16.4 .6 22.2 6.5L296.5 393c11.6 11.6 30.4 11.6 41.9 0c5.4-5.4 8.3-12.3 8.6-19.4c.4-8.8 5.6-16.6 13.6-20.4s17.3-3 24.4 2.1c9.4 6.7 22.5 5.8 30.9-2.6c9.4-9.4 9.4-24.6 0-33.9L340.1 243l-35.8 33c-27.3 25.2-69.2 25.6-97 .9c-31.7-28.2-32.4-77.4-1.6-106.5l70.1-66.2C303.2 78.4 339.4 64 377.1 64c36.1 0 71 13.3 97.9 37.2L505.1 128H544h40 40c8.8 0 16 7.2 16 16V352c0 17.7-14.3 32-32 32H576c-11.8 0-22.2-6.4-27.7-16H463.4c-3.4 6.7-7.9 13.1-13.5 18.7c-17.1 17.1-40.8 23.8-63 20.1c-3.6 7.3-8.5 14.1-14.6 20.2c-27.3 27.3-70 30-100.4 8.1c-25.1 20.8-62.5 19.5-86-4.1L159 404l-7-7-35.6-35.6c-5.5-5.5-12.7-8.7-20.4-9.3C96 369.7 81.6 384 64 384H32c-17.7 0-32-14.3-32-32V144c0-8.8 7.2-16 16-16H56 96h19.8c2 0 3.9-.7 5.3-2l26.5-23.6C175.5 77.7 211.4 64 248.7 64H259c4.4 0 8.9 .2 13.2 .6zM544 320V176H496c-5.9 0-11.6-2.2-15.9-6.1l-36.9-32.8c-18.2-16.2-41.7-25.1-66.1-25.1c-25.4 0-49.8 9.7-68.3 27.1l-70.1 66.2c-10.3 9.8-10.1 26.3 .5 35.7c9.3 8.3 23.4 8.1 32.5-.3l71.9-66.4c9.7-9 24.9-8.4 33.9 1.4s8.4 24.9-1.4 33.9l-.8 .8 74.4 74.4c10 10 16.5 22.3 19.4 35.1H544zM64 336a16 16 0 1 0 -32 0 16 16 0 1 0 32 0zm528 16a16 16 0 1 0 0-32 16 16 0 1 0 0 32z\"\/><\/svg><\/span><\/div><\/div><div class=\"vcex-icon-box-text\"><h4 class=\"vcex-icon-box-heading wpex-heading wpex-mb-10\">Engag\u00e9s<\/h4><div class=\"vcex-icon-box-content wpex-last-mb-0 wpex-clr\"><p>Notre priorit\u00e9, le client, se traduit par un service fiable et flexible. Nos produits sont abord\u00e9s de mani\u00e8re responsable avec l&rsquo;environnement. Ainsi, nous obtenons une bonne exp\u00e9rience de service et un produit de haute qualit\u00e9.<\/p>\n<\/div><\/div><\/div>[\/vc_column][vc_column width=\u00a0\u00bb1\/3&Prime;]<div class=\"vcex-spacing wpex-w-100 wpex-clear hidden-phone\" style=\"height:50px;\"><\/div><style>.vcex-icon-box.vcex_6a071e6c5e86e .vcex-icon-box-heading{color:#000000;font-size:40px;font-weight:400;}.vcex-icon-box.vcex_6a071e6c5e86e .vcex-icon-box-icon{font-size:40px;color:#ffffff;background-color:#76ab4c;border-radius:50%;height:80px;width:80px;}.vcex-icon-box.vcex_6a071e6c5e86e .vcex-icon-box-symbol--icon{margin-block-end:30px;}<\/style><div class=\"vcex-module vcex-icon-box vcex-icon-box-two wpex-block wpex-text-center vcex_6a071e6c5e86e\"><div class=\"vcex-icon-box-symbol vcex-icon-box-symbol--icon wpex-mb-20\"><div class=\"vcex-icon-box-icon wpex-items-center wpex-justify-center wpex-child-inherit-color wpex-text-center wpex-leading-none wpex-inline-flex wpex-text-1\"><span class=\"wpex-flex wpex-icon\" aria-hidden=\"true\"><svg xmlns=\"http:\/\/www.w3.org\/2000\/svg\" viewBox=\"0 0 576 512\"><path d=\"M400 0H176c-26.5 0-48.1 21.8-47.1 48.2c.2 5.3 .4 10.6 .7 15.8H24C10.7 64 0 74.7 0 88c0 92.6 33.5 157 78.5 200.7c44.3 43.1 98.3 64.8 138.1 75.8c23.4 6.5 39.4 26 39.4 45.6c0 20.9-17 37.9-37.9 37.9H192c-17.7 0-32 14.3-32 32s14.3 32 32 32H384c17.7 0 32-14.3 32-32s-14.3-32-32-32H357.9C337 448 320 431 320 410.1c0-19.6 15.9-39.2 39.4-45.6c39.9-11 93.9-32.7 138.2-75.8C542.5 245 576 180.6 576 88c0-13.3-10.7-24-24-24H446.4c.3-5.2 .5-10.4 .7-15.8C448.1 21.8 426.5 0 400 0zM48.9 112h84.4c9.1 90.1 29.2 150.3 51.9 190.6c-24.9-11-50.8-26.5-73.2-48.3c-32-31.1-58-76-63-142.3zM464.1 254.3c-22.4 21.8-48.3 37.3-73.2 48.3c22.7-40.3 42.8-100.5 51.9-190.6h84.4c-5.1 66.3-31.1 111.2-63 142.3z\"\/><\/svg><\/span><\/div><\/div><div class=\"vcex-icon-box-text\"><h4 class=\"vcex-icon-box-heading wpex-heading wpex-mb-10\">Experts<\/h4><div class=\"vcex-icon-box-content wpex-last-mb-0 wpex-clr\"><p>Forts de notre longue exp\u00e9rience en tant que fabricants et distributeurs de carton, depuis plus de 65 ans, nous r\u00e9pondons \u00e0 tous vos besoins en vous proposant les meilleurs conseils et en s\u00e9lectionnant le produit le mieux adapt\u00e9.<\/p>\n<\/div><\/div><\/div>[\/vc_column][vc_column width=\u00a0\u00bb1\/3&Prime;]<div class=\"vcex-spacing wpex-w-100 wpex-clear hidden-phone\" style=\"height:50px;\"><\/div><style>.vcex-icon-box.vcex_6a071e6c5f161 .vcex-icon-box-heading{color:#000000;font-size:40px;font-weight:400;}.vcex-icon-box.vcex_6a071e6c5f161 .vcex-icon-box-icon{font-size:40px;color:#ffffff;background-color:#76ab4c;border-radius:50%;height:80px;width:80px;}.vcex-icon-box.vcex_6a071e6c5f161 .vcex-icon-box-symbol--icon{margin-block-end:30px;}<\/style><div class=\"vcex-module vcex-icon-box vcex-icon-box-two wpex-block wpex-text-center vcex_6a071e6c5f161\"><div class=\"vcex-icon-box-symbol vcex-icon-box-symbol--icon wpex-mb-20\"><div class=\"vcex-icon-box-icon wpex-items-center wpex-justify-center wpex-child-inherit-color wpex-text-center wpex-leading-none wpex-inline-flex wpex-text-1\"><span class=\"wpex-flex wpex-icon\" aria-hidden=\"true\"><svg xmlns=\"http:\/\/www.w3.org\/2000\/svg\" viewBox=\"0 0 27 32\"><path d=\"M11.679 19.25q-0.018 0.054-0.223-0.009t-0.563-0.205l-0.357-0.161q-0.786-0.357-1.554-0.875-0.125-0.089-0.732-0.563t-0.679-0.509q-1.196 1.839-2.393 3.232-1.446 1.696-1.875 1.964-0.071 0.036-0.348 0.071t-0.33 0q0.107-0.071 1.464-1.643 0.375-0.429 1.527-2.054t1.402-2.107q0.304-0.536 0.911-1.759t0.643-1.384q-0.143-0.018-1.964 0.589-0.143 0.036-0.491 0.134t-0.616 0.17-0.304 0.089q-0.036 0.036-0.036 0.188t-0.018 0.17q-0.089 0.179-0.554 0.268-0.411 0.125-0.839 0-0.321-0.071-0.5-0.375-0.071-0.107-0.089-0.411 0.107-0.036 0.438-0.089t0.527-0.107q1.036-0.286 1.875-0.571 1.786-0.625 1.821-0.625 0.179-0.036 0.768-0.348t0.786-0.384q0.161-0.054 0.384-0.143t0.259-0.098 0.107 0.009q0.036 0.214-0.018 0.589 0 0.036-0.223 0.482t-0.473 0.955-0.304 0.598q-0.446 0.893-1.375 2.339l1.143 0.5q0.214 0.107 1.33 0.571t1.205 0.5q0.071 0.018 0.188 0.455t0.080 0.545zM8.018 10.571q0.054 0.268-0.071 0.5-0.214 0.411-0.893 0.679-0.536 0.214-1.071 0.214-0.464-0.054-0.875-0.464-0.25-0.268-0.321-0.732l0.018-0.054q0.054 0.054 0.348 0.089t0.473 0 1.036-0.286q0.643-0.214 0.982-0.25 0.304 0 0.375 0.304zM20.482 12.875l1.125 4.054-2.482-0.75zM0.696 27.161l12.393-4.143v-18.429l-12.393 4.161v18.411zM22.857 21.5l1.821 0.554-3.232-11.732-1.786-0.554-3.857 9.571 1.821 0.554 0.804-1.964 3.768 1.161zM13.875 4.321l10.232 3.286v-6.786zM19.429 27.946l2.821 0.232-0.964 2.857-0.714-1.179q-2.321 1.482-4.929 1.929-1.036 0.214-1.625 0.214h-1.5q-1.411 0-3.563-0.696t-3.277-1.518q-0.143-0.125-0.143-0.286 0-0.143 0.089-0.241t0.232-0.098q0.071 0 0.321 0.134t0.545 0.295 0.366 0.196q1.304 0.661 2.848 1.098t2.813 0.438q1.696 0 2.982-0.259t2.804-0.902q0.268-0.125 0.545-0.277t0.607-0.339 0.509-0.295zM27.429 8.679v19.268l-13.821-4.393q-0.25 0.107-6.696 2.277t-6.571 2.17q-0.232 0-0.321-0.232 0-0.018-0.018-0.054v-19.25q0.054-0.161 0.071-0.179 0.089-0.107 0.357-0.196 1.911-0.643 2.661-0.893v-6.857l9.964 3.536q0.036 0 2.866-0.982t5.643-1.938 2.884-0.955q0.357 0 0.357 0.375v7.464z\"><\/path><\/svg><\/span><\/div><\/div><div class=\"vcex-icon-box-text\"><h4 class=\"vcex-icon-box-heading wpex-heading wpex-mb-10\">Adaptables<\/h4><div class=\"vcex-icon-box-content wpex-last-mb-0 wpex-clr\"><p>Nous arrivons l\u00e0 o\u00f9 d\u2019autres fabricants n\u2019arrivent pas: du service direct de l\u2019usine aux petits achats, sur\u00a0 palette ou en paquets. Bobines, plaques, formats, carton d\u00e9coup\u00e9 et contrecoll\u00e9.<\/p>\n<\/div><\/div><\/div>[\/vc_column][\/vc_row][vc_row full_width=\u00a0\u00bbstretch_row\u00a0\u00bb css=\u00a0\u00bb.vc_custom_1572974213678{background-position: center !important;background-repeat: no-repeat !important;background-size: cover !important;}\u00a0\u00bb visibility=\u00a0\u00bbvisible-phone\u00a0\u00bb][vc_column][rev_slider_vc alias=\u00a0\u00bbslider-inicio\u00a0\u00bb]<div class=\"vcex-spacing wpex-w-100 wpex-clear\" style=\"height:40px;\"><\/div>[vc_row_inner][vc_column_inner width=\u00a0\u00bb1\/3&Prime;]<style>.vcex-icon-box.vcex_6a071e6c5fa4a .vcex-icon-box-heading{color:#000000;font-size:40px;font-weight:400;}.vcex-icon-box.vcex_6a071e6c5fa4a .vcex-icon-box-icon{font-size:40px;color:#ffffff;background-color:#76ab4c;border-radius:50%;height:80px;width:80px;}.vcex-icon-box.vcex_6a071e6c5fa4a .vcex-icon-box-symbol--icon{margin-block-end:30px;}<\/style><div class=\"vcex-module vcex-icon-box vcex-icon-box-two wpex-block wpex-text-center vcex_6a071e6c5fa4a\"><div class=\"vcex-icon-box-symbol vcex-icon-box-symbol--icon wpex-mb-20\"><div class=\"vcex-icon-box-icon wpex-items-center wpex-justify-center wpex-child-inherit-color wpex-text-center wpex-leading-none wpex-inline-flex wpex-text-1\"><span class=\"wpex-flex wpex-icon\" aria-hidden=\"true\"><svg xmlns=\"http:\/\/www.w3.org\/2000\/svg\" viewBox=\"0 0 640 512\"><path d=\"M272.2 64.6l-51.1 51.1c-15.3 4.2-29.5 11.9-41.5 22.5L153 161.9C142.8 171 129.5 176 115.8 176H96V304c20.4 .6 39.8 8.9 54.3 23.4l35.6 35.6 7 7 0 0L219.9 397c6.2 6.2 16.4 6.2 22.6 0c1.7-1.7 3-3.7 3.7-5.8c2.8-7.7 9.3-13.5 17.3-15.3s16.4 .6 22.2 6.5L296.5 393c11.6 11.6 30.4 11.6 41.9 0c5.4-5.4 8.3-12.3 8.6-19.4c.4-8.8 5.6-16.6 13.6-20.4s17.3-3 24.4 2.1c9.4 6.7 22.5 5.8 30.9-2.6c9.4-9.4 9.4-24.6 0-33.9L340.1 243l-35.8 33c-27.3 25.2-69.2 25.6-97 .9c-31.7-28.2-32.4-77.4-1.6-106.5l70.1-66.2C303.2 78.4 339.4 64 377.1 64c36.1 0 71 13.3 97.9 37.2L505.1 128H544h40 40c8.8 0 16 7.2 16 16V352c0 17.7-14.3 32-32 32H576c-11.8 0-22.2-6.4-27.7-16H463.4c-3.4 6.7-7.9 13.1-13.5 18.7c-17.1 17.1-40.8 23.8-63 20.1c-3.6 7.3-8.5 14.1-14.6 20.2c-27.3 27.3-70 30-100.4 8.1c-25.1 20.8-62.5 19.5-86-4.1L159 404l-7-7-35.6-35.6c-5.5-5.5-12.7-8.7-20.4-9.3C96 369.7 81.6 384 64 384H32c-17.7 0-32-14.3-32-32V144c0-8.8 7.2-16 16-16H56 96h19.8c2 0 3.9-.7 5.3-2l26.5-23.6C175.5 77.7 211.4 64 248.7 64H259c4.4 0 8.9 .2 13.2 .6zM544 320V176H496c-5.9 0-11.6-2.2-15.9-6.1l-36.9-32.8c-18.2-16.2-41.7-25.1-66.1-25.1c-25.4 0-49.8 9.7-68.3 27.1l-70.1 66.2c-10.3 9.8-10.1 26.3 .5 35.7c9.3 8.3 23.4 8.1 32.5-.3l71.9-66.4c9.7-9 24.9-8.4 33.9 1.4s8.4 24.9-1.4 33.9l-.8 .8 74.4 74.4c10 10 16.5 22.3 19.4 35.1H544zM64 336a16 16 0 1 0 -32 0 16 16 0 1 0 32 0zm528 16a16 16 0 1 0 0-32 16 16 0 1 0 0 32z\"\/><\/svg><\/span><\/div><\/div><div class=\"vcex-icon-box-text\"><h4 class=\"vcex-icon-box-heading wpex-heading wpex-mb-10\">Engag\u00e9s<\/h4><div class=\"vcex-icon-box-content wpex-last-mb-0 wpex-clr\"><p>Notre priorit\u00e9, le client, se traduit par un service fiable et flexible. Nos produits sont abord\u00e9s de mani\u00e8re responsable avec l&rsquo;environnement. Ainsi, nous obtenons une bonne exp\u00e9rience de service et un produit de haute qualit\u00e9.<\/p>\n<\/div><\/div><\/div>[\/vc_column_inner][vc_column_inner width=\u00a0\u00bb1\/3&Prime;]<style>.vcex-icon-box.vcex_6a071e6c60292 .vcex-icon-box-heading{color:#000000;font-size:40px;font-weight:400;}.vcex-icon-box.vcex_6a071e6c60292 .vcex-icon-box-icon{font-size:40px;color:#ffffff;background-color:#76ab4c;border-radius:50%;height:80px;width:80px;}.vcex-icon-box.vcex_6a071e6c60292 .vcex-icon-box-symbol--icon{margin-block-end:30px;}<\/style><div class=\"vcex-module vcex-icon-box vcex-icon-box-two wpex-block wpex-text-center vcex_6a071e6c60292\"><div class=\"vcex-icon-box-symbol vcex-icon-box-symbol--icon wpex-mb-20\"><div class=\"vcex-icon-box-icon wpex-items-center wpex-justify-center wpex-child-inherit-color wpex-text-center wpex-leading-none wpex-inline-flex wpex-text-1\"><span class=\"wpex-flex wpex-icon\" aria-hidden=\"true\"><svg xmlns=\"http:\/\/www.w3.org\/2000\/svg\" viewBox=\"0 0 576 512\"><path d=\"M400 0H176c-26.5 0-48.1 21.8-47.1 48.2c.2 5.3 .4 10.6 .7 15.8H24C10.7 64 0 74.7 0 88c0 92.6 33.5 157 78.5 200.7c44.3 43.1 98.3 64.8 138.1 75.8c23.4 6.5 39.4 26 39.4 45.6c0 20.9-17 37.9-37.9 37.9H192c-17.7 0-32 14.3-32 32s14.3 32 32 32H384c17.7 0 32-14.3 32-32s-14.3-32-32-32H357.9C337 448 320 431 320 410.1c0-19.6 15.9-39.2 39.4-45.6c39.9-11 93.9-32.7 138.2-75.8C542.5 245 576 180.6 576 88c0-13.3-10.7-24-24-24H446.4c.3-5.2 .5-10.4 .7-15.8C448.1 21.8 426.5 0 400 0zM48.9 112h84.4c9.1 90.1 29.2 150.3 51.9 190.6c-24.9-11-50.8-26.5-73.2-48.3c-32-31.1-58-76-63-142.3zM464.1 254.3c-22.4 21.8-48.3 37.3-73.2 48.3c22.7-40.3 42.8-100.5 51.9-190.6h84.4c-5.1 66.3-31.1 111.2-63 142.3z\"\/><\/svg><\/span><\/div><\/div><div class=\"vcex-icon-box-text\"><h4 class=\"vcex-icon-box-heading wpex-heading wpex-mb-10\">Experts<\/h4><div class=\"vcex-icon-box-content wpex-last-mb-0 wpex-clr\"><p>Forts de notre longue exp\u00e9rience en tant que fabricants et distributeurs de carton, depuis plus de 65 ans, nous r\u00e9pondons \u00e0 tous vos besoins en vous proposant les meilleurs conseils et en s\u00e9lectionnant le produit le mieux adapt\u00e9.<\/p>\n<\/div><\/div><\/div>[\/vc_column_inner][vc_column_inner width=\u00a0\u00bb1\/3&Prime;]<style>.vcex-icon-box.vcex_6a071e6c60a57 .vcex-icon-box-heading{color:#000000;font-size:40px;font-weight:400;}.vcex-icon-box.vcex_6a071e6c60a57 .vcex-icon-box-icon{font-size:40px;color:#ffffff;background-color:#76ab4c;border-radius:50%;height:80px;width:80px;}.vcex-icon-box.vcex_6a071e6c60a57 .vcex-icon-box-symbol--icon{margin-block-end:30px;}<\/style><div class=\"vcex-module vcex-icon-box vcex-icon-box-two wpex-block wpex-text-center vcex_6a071e6c60a57\"><div class=\"vcex-icon-box-symbol vcex-icon-box-symbol--icon wpex-mb-20\"><div class=\"vcex-icon-box-icon wpex-items-center wpex-justify-center wpex-child-inherit-color wpex-text-center wpex-leading-none wpex-inline-flex wpex-text-1\"><span class=\"wpex-flex wpex-icon\" aria-hidden=\"true\"><svg xmlns=\"http:\/\/www.w3.org\/2000\/svg\" viewBox=\"0 0 27 32\"><path d=\"M11.679 19.25q-0.018 0.054-0.223-0.009t-0.563-0.205l-0.357-0.161q-0.786-0.357-1.554-0.875-0.125-0.089-0.732-0.563t-0.679-0.509q-1.196 1.839-2.393 3.232-1.446 1.696-1.875 1.964-0.071 0.036-0.348 0.071t-0.33 0q0.107-0.071 1.464-1.643 0.375-0.429 1.527-2.054t1.402-2.107q0.304-0.536 0.911-1.759t0.643-1.384q-0.143-0.018-1.964 0.589-0.143 0.036-0.491 0.134t-0.616 0.17-0.304 0.089q-0.036 0.036-0.036 0.188t-0.018 0.17q-0.089 0.179-0.554 0.268-0.411 0.125-0.839 0-0.321-0.071-0.5-0.375-0.071-0.107-0.089-0.411 0.107-0.036 0.438-0.089t0.527-0.107q1.036-0.286 1.875-0.571 1.786-0.625 1.821-0.625 0.179-0.036 0.768-0.348t0.786-0.384q0.161-0.054 0.384-0.143t0.259-0.098 0.107 0.009q0.036 0.214-0.018 0.589 0 0.036-0.223 0.482t-0.473 0.955-0.304 0.598q-0.446 0.893-1.375 2.339l1.143 0.5q0.214 0.107 1.33 0.571t1.205 0.5q0.071 0.018 0.188 0.455t0.080 0.545zM8.018 10.571q0.054 0.268-0.071 0.5-0.214 0.411-0.893 0.679-0.536 0.214-1.071 0.214-0.464-0.054-0.875-0.464-0.25-0.268-0.321-0.732l0.018-0.054q0.054 0.054 0.348 0.089t0.473 0 1.036-0.286q0.643-0.214 0.982-0.25 0.304 0 0.375 0.304zM20.482 12.875l1.125 4.054-2.482-0.75zM0.696 27.161l12.393-4.143v-18.429l-12.393 4.161v18.411zM22.857 21.5l1.821 0.554-3.232-11.732-1.786-0.554-3.857 9.571 1.821 0.554 0.804-1.964 3.768 1.161zM13.875 4.321l10.232 3.286v-6.786zM19.429 27.946l2.821 0.232-0.964 2.857-0.714-1.179q-2.321 1.482-4.929 1.929-1.036 0.214-1.625 0.214h-1.5q-1.411 0-3.563-0.696t-3.277-1.518q-0.143-0.125-0.143-0.286 0-0.143 0.089-0.241t0.232-0.098q0.071 0 0.321 0.134t0.545 0.295 0.366 0.196q1.304 0.661 2.848 1.098t2.813 0.438q1.696 0 2.982-0.259t2.804-0.902q0.268-0.125 0.545-0.277t0.607-0.339 0.509-0.295zM27.429 8.679v19.268l-13.821-4.393q-0.25 0.107-6.696 2.277t-6.571 2.17q-0.232 0-0.321-0.232 0-0.018-0.018-0.054v-19.25q0.054-0.161 0.071-0.179 0.089-0.107 0.357-0.196 1.911-0.643 2.661-0.893v-6.857l9.964 3.536q0.036 0 2.866-0.982t5.643-1.938 2.884-0.955q0.357 0 0.357 0.375v7.464z\"><\/path><\/svg><\/span><\/div><\/div><div class=\"vcex-icon-box-text\"><h4 class=\"vcex-icon-box-heading wpex-heading wpex-mb-10\">Adaptables<\/h4><div class=\"vcex-icon-box-content wpex-last-mb-0 wpex-clr\"><p>Nous arrivons l\u00e0 o\u00f9 d\u2019autres fabricants n\u2019arrivent pas: du service direct de l\u2019usine aux petits achats, sur\u00a0 palette ou en paquets. Bobines, plaques, formats, carton d\u00e9coup\u00e9 et contrecoll\u00e9.<\/p>\n<\/div><\/div><\/div>[\/vc_column_inner][\/vc_row_inner][\/vc_column][\/vc_row][vc_row full_width=\u00a0\u00bbstretch_row\u00a0\u00bb css=\u00a0\u00bb.vc_custom_1572973092718{background-color: #76ab4c !important;background-position: center !important;background-repeat: no-repeat !important;background-size: cover !important;}\u00a0\u00bb visibility=\u00a0\u00bbhidden-phone\u00a0\u00bb][vc_column][vc_column_text responsive_text=\u00a0\u00bbtrue\u00a0\u00bb css=\u00a0\u00bb.vc_custom_1572972407542{padding-top: 30px !important;}\u00a0\u00bb font_weight=\u00a0\u00bb100&Prime;]\n<p style=\"text-align: center;\"><span class=\"white-text\" style=\"font-size: 36px;\">Travailler avec Cartesa 50, c&rsquo;est assurer le bon r\u00e9sultat de vos projets.<\/span><\/p>\n[\/vc_column_text][\/vc_column][\/vc_row][vc_row full_width=\u00a0\u00bbstretch_row\u00a0\u00bb css=\u00a0\u00bb.vc_custom_1572973102484{background-color: #76ab4c !important;background-position: center !important;background-repeat: no-repeat !important;background-size: cover !important;}\u00a0\u00bb visibility=\u00a0\u00bbvisible-phone\u00a0\u00bb][vc_column][vc_column_text responsive_text=\u00a0\u00bbtrue\u00a0\u00bb css=\u00a0\u00bb.vc_custom_1572973169546{padding-top: 30px !important;}\u00a0\u00bb font_weight=\u00a0\u00bb200&Prime;]\n<p style=\"text-align: center;\"><span class=\"white-text\" style=\"font-size: 28px;\">Travailler avec Cartesa 50, c&rsquo;est assurer le bon r\u00e9sultat de vos projets.<\/span><\/p>\n[\/vc_column_text][\/vc_column][\/vc_row][vc_row full_width=\u00a0\u00bbstretch_row\u00a0\u00bb min_height=\u00a0\u00bb500&Prime; css=\u00a0\u00bb.vc_custom_1572972449310{background-image: url(https:\/\/cartesa50.com\/wp-content\/uploads\/2019\/10\/carton-reciclado-cartesa50.jpg?id=234) !important;background-position: center !important;background-repeat: no-repeat !important;background-size: cover !important;}\u00a0\u00bb visibility=\u00a0\u00bbhidden-phone\u00a0\u00bb][vc_column width=\u00a0\u00bb1\/2&Prime;]<div class=\"vcex-spacing wpex-w-100 wpex-clear\" style=\"height:40px;\"><\/div>[vc_column_text]\n<h4 style=\"text-align: left;\"><span class=\"white-text\" style=\"font-size: 36px;\">Parce que toutes les cartes recycl\u00e9es ne sont pas identiques<\/span><\/h4>\n[\/vc_column_text]<div class=\"vcex-spacing wpex-w-100 wpex-clear\" style=\"height:20px;\"><\/div>[vc_row_inner][vc_column_inner width=\u00a0\u00bb1\/2&Prime;][vc_column_text]<span class=\"white-text\">Recycler et s\u00e9lectionner ne sont pas des termes contradictoires. C&rsquo;est pourquoi nous proposons un vaste catalogue productif de cartons \u00e0 la demande, de produits de transformation et de produits finis, sans pour autant renoncer \u00e0 l&rsquo;ing\u00e9niosit\u00e9 d&rsquo;offrir le carton comme alternative \u00e0 d&rsquo;autres mat\u00e9riaux.<\/span>[\/vc_column_text][\/vc_column_inner][vc_column_inner width=\u00a0\u00bb1\/2&Prime;][\/vc_column_inner][\/vc_row_inner][vc_row_inner][vc_column_inner]<style>.vcex-button.vcex_6a071e6c616cf{background:#76ab4c;color:#ffffff!important;text-transform:none;}.vcex-button.vcex_6a071e6c616cf:hover{background:#4f7a2d!important;color:#ffffff!important;}<\/style><div class=\"theme-button-wrap theme-button-block-wrap wpex-block wpex-clear wpex-clr\"><a href=\"https:\/\/cartesa50.com\/fr\/productos-y-soluciones\/\" class=\"vcex-button theme-button medium align-left block vcex_6a071e6c616cf\"><span class=\"vcex-button-inner theme-button-inner wpex-flex wpex-flex-wrap wpex-items-center wpex-justify-center\">Produits et solutions<\/span><\/a><\/div> [\/vc_column_inner][\/vc_row_inner][\/vc_column][vc_column width=\u00a0\u00bb1\/2&Prime;][\/vc_column][\/vc_row][vc_row full_width=\u00a0\u00bbstretch_row\u00a0\u00bb visibility=\u00a0\u00bbvisible-phone\u00a0\u00bb css=\u00a0\u00bb.vc_custom_1572972839481{background-color: #0f0e0a !important;background-position: center !important;background-repeat: no-repeat !important;background-size: cover !important;}\u00a0\u00bb][vc_column][vc_column_text]\n<h4 style=\"text-align: left;\"><span class=\"white-text\" style=\"font-size: 36px;\">Parce que toutes les cartes recycl\u00e9es ne sont pas identiques<\/span><\/h4>\n[\/vc_column_text][vc_single_image image=\u00a0\u00bb464&Prime;]<div class=\"vcex-spacing wpex-w-100 wpex-clear\" style=\"height:20px;\"><\/div>[vc_row_inner][vc_column_inner][vc_column_text]<span class=\"white-text\">Recycler et s\u00e9lectionner ne sont pas des termes contradictoires. C&rsquo;est pourquoi nous proposons un vaste catalogue productif de cartons \u00e0 la demande, de produits de transformation et de produits finis, sans pour autant renoncer \u00e0 l&rsquo;ing\u00e9niosit\u00e9 d&rsquo;offrir le carton comme alternative \u00e0 d&rsquo;autres mat\u00e9riaux.<\/span>[\/vc_column_text][\/vc_column_inner][\/vc_row_inner][vc_row_inner][vc_column_inner]<style>.vcex-button.vcex_6a071e6c61d95{background:#76ab4c;color:#ffffff!important;text-transform:none;}.vcex-button.vcex_6a071e6c61d95:hover{background:#4f7a2d!important;color:#ffffff!important;}<\/style><div class=\"theme-button-wrap theme-button-block-wrap wpex-block wpex-clear wpex-clr\"><a href=\"https:\/\/cartesa50.com\/fr\/productos-y-soluciones\/\" class=\"vcex-button theme-button medium align-left block vcex_6a071e6c61d95\"><span class=\"vcex-button-inner theme-button-inner wpex-flex wpex-flex-wrap wpex-items-center wpex-justify-center\">Produits et solutions<\/span><\/a><\/div> [\/vc_column_inner][\/vc_row_inner][\/vc_column][\/vc_row]\n<\/div>","protected":false},"excerpt":{"rendered":"<p>[vc_row full_width=\u00a0\u00bbstretch_row_content_no_spaces\u00a0\u00bb css=\u00a0\u00bb.vc_custom_1572974177423{background-position: center !important;background-repeat: no-repeat !important;background-size: cover !important;}\u00a0\u00bb min_height=\u00a0\u00bb600px\u00a0\u00bb visibility=\u00a0\u00bbhidden-phone\u00a0\u00bb][vc_column][rev_slider_vc alias=\u00a0\u00bbslider-frances\u00a0\u00bb][\/vc_column][\/vc_row][vc_row full_width=\u00a0\u00bbstretch_row\u00a0\u00bb column_spacing=\u00a0\u00bb50&Prime; visibility=\u00a0\u00bbvisible-desktop\u00a0\u00bb][vc_column width=\u00a0\u00bb1\/3&Prime;][\/vc_column][vc_column width=\u00a0\u00bb1\/3&Prime;][\/vc_column][vc_column width=\u00a0\u00bb1\/3&Prime;][\/vc_column][\/vc_row][vc_row full_width=\u00a0\u00bbstretch_row\u00a0\u00bb css=\u00a0\u00bb.vc_custom_1572974213678{background-position: center !important;background-repeat: no-repeat !important;background-size: cover !important;}\u00a0\u00bb visibility=\u00a0\u00bbvisible-phone\u00a0\u00bb][vc_column][rev_slider_vc alias=\u00a0\u00bbslider-inicio\u00a0\u00bb][vc_row_inner][vc_column_inner width=\u00a0\u00bb1\/3&Prime;][\/vc_column_inner][vc_column_inner width=\u00a0\u00bb1\/3&Prime;][\/vc_column_inner][vc_column_inner width=\u00a0\u00bb1\/3&Prime;][\/vc_column_inner][\/vc_row_inner][\/vc_column][\/vc_row][vc_row full_width=\u00a0\u00bbstretch_row\u00a0\u00bb css=\u00a0\u00bb.vc_custom_1572973092718{background-color: #76ab4c !important;background-position: center !important;background-repeat: no-repeat !important;background-size: cover !important;}\u00a0\u00bb visibility=\u00a0\u00bbhidden-phone\u00a0\u00bb][vc_column][vc_column_text responsive_text=\u00a0\u00bbtrue\u00a0\u00bb css=\u00a0\u00bb.vc_custom_1572972407542{padding-top: 30px !important;}\u00a0\u00bb font_weight=\u00a0\u00bb100&Prime;] Travailler avec Cartesa 50, c&rsquo;est assurer le bon&hellip;<\/p>\n","protected":false},"author":1,"featured_media":0,"parent":0,"menu_order":0,"comment_status":"closed","ping_status":"closed","template":"","meta":{"footnotes":""},"class_list":["post-463","page","type-page","status-publish","hentry","entry","no-media"],"_links":{"self":[{"href":"https:\/\/cartesa50.com\/fr\/wp-json\/wp\/v2\/pages\/463","targetHints":{"allow":["GET"]}}],"collection":[{"href":"https:\/\/cartesa50.com\/fr\/wp-json\/wp\/v2\/pages"}],"about":[{"href":"https:\/\/cartesa50.com\/fr\/wp-json\/wp\/v2\/types\/page"}],"author":[{"embeddable":true,"href":"https:\/\/cartesa50.com\/fr\/wp-json\/wp\/v2\/users\/1"}],"replies":[{"embeddable":true,"href":"https:\/\/cartesa50.com\/fr\/wp-json\/wp\/v2\/comments?post=463"}],"version-history":[{"count":7,"href":"https:\/\/cartesa50.com\/fr\/wp-json\/wp\/v2\/pages\/463\/revisions"}],"predecessor-version":[{"id":755,"href":"https:\/\/cartesa50.com\/fr\/wp-json\/wp\/v2\/pages\/463\/revisions\/755"}],"wp:attachment":[{"href":"https:\/\/cartesa50.com\/fr\/wp-json\/wp\/v2\/media?parent=463"}],"curies":[{"name":"wp","href":"https:\/\/api.w.org\/{rel}","templated":true}]}}