{"id":696,"date":"2019-08-15T06:16:34","date_gmt":"2019-08-15T06:16:34","guid":{"rendered":"https:\/\/cartesa50.com\/aviso-legal-politica-de-privacidad-y-cookies\/"},"modified":"2019-12-30T18:51:09","modified_gmt":"2019-12-30T18:51:09","slug":"avis-legal-politica-de-privacitat-i-cookies","status":"publish","type":"page","link":"https:\/\/cartesa50.com\/ca\/avis-legal-politica-de-privacitat-i-cookies\/","title":{"rendered":"Av\u00eds legal, pol\u00edtica de privacitat i cookies"},"content":{"rendered":"<div class=\"wpb-content-wrapper\">[vc_row full_width=&#8221;stretch_row&#8221; css=&#8221;.vc_custom_1565881201207{background-position: center !important;background-repeat: no-repeat !important;background-size: cover !important;}&#8221;][vc_column]<div class=\"vcex-spacing wpex-w-100 wpex-clear\" style=\"height:40px;\"><\/div>[vc_column_text responsive_text=&#8221;true&#8221;]\n<h1 style=\"text-align: center;\"><span style=\"font-size: 36px;\">Aviso legal, Pol\u00edtica de Privacidad y Cookies<\/span><\/h1>\n[\/vc_column_text]<div class=\"vcex-spacing wpex-w-100 wpex-clear\" style=\"height:20px;\"><\/div><div class=\"vcex-module vcex-divider vcex-divider-solid vcex-divider-center wpex-mx-auto wpex-max-w-100 vcex-divider-has-icon wpex-flex wpex-items-center\" style=\"width:30%;\"><div class=\"vcex-divider-border wpex-flex-grow wpex-border-b wpex-border-solid wpex-border-main\" style=\"border-color:#000000;border-bottom-width:1px;\"><\/div><span class=\"vcex-divider-icon-span wpex-inline-flex wpex-justify-center wpex-items-center wpex-box-content wpex-inline-block wpex-text-center wpex-text-lg wpex-py-10 wpex-px-20\" style=\"font-size:20px;color:#76ab4c;\"><span class=\"wpex-icon\" aria-hidden=\"true\"><svg xmlns=\"http:\/\/www.w3.org\/2000\/svg\" viewBox=\"0 0 576 512\"><path d=\"M528 160V416c0 8.8-7.2 16-16 16H320c0-44.2-35.8-80-80-80H176c-44.2 0-80 35.8-80 80H64c-8.8 0-16-7.2-16-16V160H528zM64 32C28.7 32 0 60.7 0 96V416c0 35.3 28.7 64 64 64H512c35.3 0 64-28.7 64-64V96c0-35.3-28.7-64-64-64H64zM272 256a64 64 0 1 0 -128 0 64 64 0 1 0 128 0zm104-48c-13.3 0-24 10.7-24 24s10.7 24 24 24h80c13.3 0 24-10.7 24-24s-10.7-24-24-24H376zm0 96c-13.3 0-24 10.7-24 24s10.7 24 24 24h80c13.3 0 24-10.7 24-24s-10.7-24-24-24H376z\"\/><\/svg><\/span><\/span><div class=\"vcex-divider-border wpex-flex-grow wpex-border-b wpex-border-solid wpex-border-main\" style=\"border-color:#000000;border-bottom-width:1px;\"><\/div><\/div><div class=\"vcex-spacing wpex-w-100 wpex-clear\" style=\"height:40px;\"><\/div>[vc_column_text]Esta p\u00e1gina Web es propiedad de S.L. Cartesa 50, y tiene car\u00e1cter meramente informativo acerca de los servicios que presta. El hecho de acceder a esta p\u00e1gina implica el conocimiento y aceptaci\u00f3n de los siguientes t\u00e9rminos y condiciones de uso.<\/p>\n<ol>\n<li><strong>Titularidad de la p\u00e1gina web<\/strong><\/li>\n<\/ol>\n<p>El nombre de dominio www.cartesa50.com est\u00e1 registrado a favor de S.L. Cartesa 50, con CIF B-63010557 y domicilio social en la Calle Ca l\u2019Arabia n\u00ba26, de 08520 Las Franquesas del Vall\u00e9s (Barcelona). Tel\u00e9fono de contacto +34 938498771 y direcci\u00f3n de correo electr\u00f3nico <a href=\"mailto:cartesa50@cartesa50.com\">cartesa50@cartesa50.com<\/a>. Los datos Registrales de la sociedad y dominio son: Registro Mercantil de Barcelona, tomo 35085, folio 84, hoja B-260437, inscripci\u00f3n 1\u00aa.<\/p>\n<ol start=\"2\">\n<li><strong>Propiedad intelectual de la web<\/strong><\/li>\n<\/ol>\n<p>Todos los derechos de propiedad intelectual del contenido de esta p\u00e1gina web y su dise\u00f1o gr\u00e1fico, son propiedad exclusiva de S.L. Cartesa 50, y es a quien le corresponde el ejercicio exclusivo de los derechos de explotaci\u00f3n de los mismos. As\u00ed, queda prohibida su reproducci\u00f3n, distribuci\u00f3n, comunicaci\u00f3n p\u00fablica y modificaci\u00f3n, total o parcial, sin previa autorizaci\u00f3n expresa de S.L. Cartesa 50 De igual forma, todos los signos distintivos, marcas, nombres comerciales o signos de cualquier clase contenidos en esta p\u00e1gina web est\u00e1n protegidos por ley.<\/p>\n<ol start=\"3\">\n<li><strong> Contenido de la web y enlaces<\/strong><\/li>\n<\/ol>\n<p>S.L. Cartesa 50 no se responsabiliza del mal uso que se realice de los contenidos de su p\u00e1gina web, siendo responsabilidad exclusiva de la persona que accede a ellos o los utiliza. Tampoco asume responsabilidad alguna por la informaci\u00f3n contenida en las p\u00e1ginas web de terceros a las que se pueda acceder a trav\u00e9s de enlaces desde la p\u00e1gina web. La presencia de estos enlaces tiene una finalidad informativa, y no constituyen en ning\u00fan caso una invitaci\u00f3n a la contrataci\u00f3n de productos o servicios que se puedan ofrecer en la p\u00e1gina web de destino. En el caso de que S.L. Cartesa 50 tuviera conocimiento efectivo de que la actividad o la informaci\u00f3n a la que remiten estos enlaces es il\u00edcita, constitutiva de delito o que puede lesionar bienes o derechos de terceros susceptibles de indemnizaci\u00f3n, actuar\u00e1 con la diligencia necesaria para suprimir o inutilizar el enlace correspondiente a la mayor brevedad posible.<\/p>\n<ol start=\"4\">\n<li><strong> Exclusi\u00f3n de responsabilidades<\/strong><\/li>\n<\/ol>\n<p>S.L. Cartesa 50 ha adoptado las medidas oportunas, dentro de sus posibilidades, para garantizar el funcionamiento del sitio Web y la ausencia de virus o programa da\u00f1inos tanto en el sitio Web como en el servidor que lo aloja.<\/p>\n<p>S.L. Cartesa 50 no se hace responsable del posible da\u00f1o resultado del uso de este sitio Web, as\u00ed como de la posible existencia de virus o programas da\u00f1inos que puedan aparecer en el sitio Web o en el servidor que lo aloja.<\/p>\n<ol start=\"5\">\n<li><strong>Intercambio o difusi\u00f3n de informaci\u00f3n<\/strong><\/li>\n<\/ol>\n<p>S.L. Cartesa 50 declina toda responsabilidad derivada del intercambio de informaci\u00f3n entre usuarios a trav\u00e9s de su p\u00e1gina web. Especialmente no nos hacemos responsables del uso que los menores puedan hacer de ella en caso de que los contenidos a que tengan acceso puedan herir su sensibilidad.<\/p>\n<ol start=\"6\">\n<li><strong>Actualizaci\u00f3n y modificaci\u00f3n de la p\u00e1gina web<\/strong><\/li>\n<\/ol>\n<p>S.L. Cartesa 50 se reserva el derecho de actualizar, modificar o eliminar la informaci\u00f3n contenida en su p\u00e1gina web, y su configuraci\u00f3n o presentaci\u00f3n, en cualquier momento, sin previo aviso y sin asumir ning\u00fan tipo de responsabilidad por hacerlo.<\/p>\n<ol start=\"7\">\n<li><strong>Indicaciones sobre aspectos t\u00e9cnicos<\/strong><\/li>\n<\/ol>\n<p>S.L. Cartesa 50 no asume responsabilidad alguna derivada de problemas t\u00e9cnicos o fallos en los equipos inform\u00e1ticos, que se produzcan durante la conexi\u00f3n a Internet, o que puedan ser originados por terceras personas a trav\u00e9s de intromisiones ileg\u00edtimas fuera de su control. Desde S.L. Cartesa 50 no se garantiza la ausencia de virus y otros elementos que puedan causar da\u00f1os en los sistemas inform\u00e1ticos, los documentos electr\u00f3nicos o los ficheros de usuario de esta p\u00e1gina web o de p\u00e1ginas web de terceros, y no se responsabiliza de los da\u00f1os y perjuicios que se puedan llegar a producir por estos motivos. De igual forma, no se responsabiliza ante posibles da\u00f1os y perjuicios que puedan afectar al usuario como consecuencia de errores, defectos u omisiones en la informaci\u00f3n que facilita cuando procede de terceras fuentes.<\/p>\n<ol start=\"8\">\n<li><strong> Protecci\u00f3n de datos personales<\/strong><\/li>\n<\/ol>\n<p>En cumplimiento del Reglamento (UE) 2016\/679 y de la Ley Org\u00e1nica Espa\u00f1ola 3\/2018, relativos a la protecci\u00f3n de los datos personales de las personas f\u00edsicas y a la garant\u00eda de sus derechos digitales, le informamos que el Responsable del Tratamiento de los datos personales que introduzca en este website es S.L. Cartesa 50, cuyos datos identificativos han sido detallados anteriormente.<\/p>\n<p>Estaremos legitimados para tratar los datos personales que nos facilite en virtud del consentimiento expreso e inequ\u00edvoco que usted preste para la finalidad de atenderle en su solicitud-consulta y puesta en contacto a trav\u00e9s del espacio web destinado a ello. Los datos que nos proporcione ser\u00e1n conservados hasta que su consulta sea atendida por nuestros profesionales.<\/p>\n<p>Le recordamos que podr\u00e1 retirar el consentimiento para el tratamiento de datos adecuado a la finalidad expuesta, en cualquier momento, sin que \u00e9sta retirada afecte al tratamiento de datos efectuado con anterioridad.<\/p>\n<p>Los datos personales que nos facilite no ser\u00e1n cedidos a terceros externos a esta Asesor\u00eda.<\/p>\n<p>Usted puede ejercer a trav\u00e9s de <a href=\"mailto:cartesa50@cartesa50.com\">cartesa50@cartesa50.com<\/a> , los derechos de acceso a los datos tratados; de rectificaci\u00f3n de los datos err\u00f3neos o inexactos; de supresi\u00f3n cuando, entre otros motivos, los datos ya no sean necesarios para las finalidades por las que fueron recogidos; de limitaci\u00f3n, en cuyo caso no ser\u00e1n tratados, pero s\u00ed conservados para el ejercicio o defensa de reclamaciones; de oposici\u00f3n y a la portabilidad de los datos; as\u00ed como a presentar una reclamaci\u00f3n ante la Agencia Espa\u00f1ola de Protecci\u00f3n de Datos a trav\u00e9s de <a href=\"http:\/\/www.aepd.es\">www.aepd.es<\/a><\/p>\n<ol start=\"9\">\n<li><strong>Cookies<\/strong><\/li>\n<\/ol>\n<p>Nuestra p\u00e1gina web\u00a0utiliza cookies\u00a0t\u00e9cnicas propias y de terceros, necesarias para identificar\u00a0y gestionar\u00a0la sesi\u00f3n\u00a0de su navegador.\u00a0Las cookies son peque\u00f1os ficheros de datos que se descargan en su ordenador con la finalidad de almacenar datos que podr\u00e1n ser actualizados y recuperados por la entidad responsable de su instalaci\u00f3n. Nuestras\u00a0cookies no pueden\u00a0da\u00f1ar\u00a0su equipo\u00a0y son\u00a0necesarias para el buen\u00a0funcionamiento de nuestra\u00a0web. En cualquier caso, puede bloquear o deshabilitar las cookies en la configuraci\u00f3n de su navegador, que permite rechazar la instalaci\u00f3n de todas las cookies o de alguna de ellas. El bloqueo o no aceptaci\u00f3n de las cookies, puede limitar el uso de algunos servicios o contenidos de la P\u00e1gina Web. A continuaci\u00f3n, les ense\u00f1amos a los Usuarios las instrucciones espec\u00edficas para modificar la configuraci\u00f3n de los navegadores m\u00e1s habituales:<\/p>\n<ul>\n<li>Google Chrome:\n<ul>\n<li><a href=\"http:\/\/support.google.com\/chrome\/bin\/answer.py?hl=en&amp;answer=95647\">http:\/\/support.google.com\/chrome\/bin\/answer.py?hl=en&amp;answer=95647<\/a><\/li>\n<\/ul>\n<\/li>\n<li>Microsoft Internet Explorer:\n<ul>\n<li><a href=\"http:\/\/support.microsoft.com\/kb\/196955\">http:\/\/support.microsoft.com\/kb\/196955<\/a><\/li>\n<li><a href=\"http:\/\/support.microsoft.com\/kb\/283185\">http:\/\/support.microsoft.com\/kb\/283185<\/a><\/li>\n<li><a href=\"http:\/\/www.allaboutcookies.org\/manage-cookies\/internet-explorer7-plus.html\">http:\/\/www.allaboutcookies.org\/manage-cookies\/internet-explorer7-plus.html<\/a><\/li>\n<li><a href=\"http:\/\/www.allaboutcookies.org\/manage-cookies\/internet-explorer8-plus.html\">http:\/\/www.allaboutcookies.org\/manage-cookies\/internet-explorer8-plus.html<\/a><\/li>\n<li><a href=\"http:\/\/windows.microsoft.com\/is-IS\/windows7\/How-to-manage-cookies-in-Internet-Explorer-9\">http:\/\/windows.microsoft.com\/is-IS\/windows7\/How-to-manage-cookies-in-Internet-Explorer-9<\/a><\/li>\n<\/ul>\n<\/li>\n<li>Mozilla Firefox\n<ul>\n<li><a href=\"http:\/\/support.mozilla.org\/en-US\/kb\/Cookies\">http:\/\/support.mozilla.org\/en-US\/kb\/Cookies<\/a><\/li>\n<\/ul>\n<\/li>\n<li>Safari:\n<ul>\n<li><a href=\"http:\/\/support.apple.com\/kb\/HT1677\">http:\/\/support.apple.com\/kb\/HT1677<\/a><\/li>\n<\/ul>\n<\/li>\n<\/ul>\n<p>Estos navegadores est\u00e1n sometidos a constantes actualizaciones y modificaciones, por lo que no podemos garantizar que se ajusten completamente a la versi\u00f3n de su navegador actual. Tambi\u00e9n es posible que utilice otro navegador no contemplado en estos enlaces, por lo que deber\u00e1 consultar la ayuda de su navegador para configurar el uso de cookies.<\/p>\n<p>Si quisiese retirar su consentimiento en cualquier momento relacionado con la presente Pol\u00edtica de Cookies, deber\u00e1 eliminar las cookies almacenadas a trav\u00e9s de los ajustes y configuraciones de su navegador de Internet.<\/p>\n<p>La presente Pol\u00edtica de Cookies tiene por finalidad informarle de manera clara y precisa sobre las cookies que se utilizan en <a href=\"https:\/\/cartesa50.com\">www.cartesa50.com<\/a> . En caso de que quiera m\u00e1s informaci\u00f3n sobre el uso de las cookies podr\u00e1 solicitarlo por correo electr\u00f3nico a <a href=\"mailto:cartes50@cartesa50.com\">cartes50@cartesa50.com<\/a>.<\/p>\n<ol start=\"10\">\n<li><strong> Enlaces a p\u00e1ginas de terceros<\/strong><\/li>\n<\/ol>\n<p>Desde esta P\u00e1gina Web, S.L. Cartesa 50 le proporciona o puede proporcionar el acceso a otras p\u00e1ginas web de terceros que considera pueden ser de su inter\u00e9s (las \u201cP\u00e1ginas Enlazadas\u201d). El objeto de estos enlaces es meramente facilitar la b\u00fasqueda de los recursos que le puedan interesar en Internet. Sin embargo, estas P\u00e1ginas Enlazadas no pertenecen a S.L. CARTESA 50 ni S.L. CARTESA 50 hace una revisi\u00f3n de sus contenidos, por ello, no se hace responsable de los mismos, del funcionamiento de la P\u00e1gina Enlazada o de los posibles da\u00f1os que puedan derivarse del acceso o uso de la misma. Con car\u00e1cter general, se proh\u00edbe a terceros el enlace de y hacia la P\u00e1gina Web de\u00a0S.L. CARTESA 50, a excepci\u00f3n de aquellos supuestos en los que, expresamente\u00a0S.L. CARTESA 50\u00a0manifieste lo contrario.<\/p>\n<ol start=\"11\">\n<li><strong>Legislaci\u00f3n y jurisdicci\u00f3n aplicable<\/strong><\/li>\n<\/ol>\n<p>Con car\u00e1cter general, las relaciones con los usuarios, derivadas de la prestaci\u00f3n de servicios contenidos en esta p\u00e1gina web, est\u00e1n sometidos a la legislaci\u00f3n y jurisdicci\u00f3n espa\u00f1ola. Los usuarios de esta p\u00e1gina web son conscientes de todo lo que se ha expuesto y lo aceptan voluntariamente.[\/vc_column_text][\/vc_column][\/vc_row]\n<\/div>","protected":false},"excerpt":{"rendered":"<p>[vc_row full_width=&#8221;stretch_row&#8221; css=&#8221;.vc_custom_1565881201207{background-position: center !important;background-repeat: no-repeat !important;background-size: cover !important;}&#8221;][vc_column][vc_column_text responsive_text=&#8221;true&#8221;] Aviso legal, Pol\u00edtica de Privacidad y Cookies [\/vc_column_text][vc_column_text]Esta p\u00e1gina Web es propiedad de S.L. Cartesa 50, y tiene car\u00e1cter meramente informativo acerca de los servicios que presta. El hecho de acceder a esta p\u00e1gina implica el conocimiento y aceptaci\u00f3n de los siguientes t\u00e9rminos y condiciones&hellip;<\/p>\n","protected":false},"author":1,"featured_media":0,"parent":0,"menu_order":0,"comment_status":"closed","ping_status":"closed","template":"","meta":{"footnotes":""},"class_list":["post-696","page","type-page","status-publish","hentry","entry","no-media"],"_links":{"self":[{"href":"https:\/\/cartesa50.com\/ca\/wp-json\/wp\/v2\/pages\/696","targetHints":{"allow":["GET"]}}],"collection":[{"href":"https:\/\/cartesa50.com\/ca\/wp-json\/wp\/v2\/pages"}],"about":[{"href":"https:\/\/cartesa50.com\/ca\/wp-json\/wp\/v2\/types\/page"}],"author":[{"embeddable":true,"href":"https:\/\/cartesa50.com\/ca\/wp-json\/wp\/v2\/users\/1"}],"replies":[{"embeddable":true,"href":"https:\/\/cartesa50.com\/ca\/wp-json\/wp\/v2\/comments?post=696"}],"version-history":[{"count":3,"href":"https:\/\/cartesa50.com\/ca\/wp-json\/wp\/v2\/pages\/696\/revisions"}],"predecessor-version":[{"id":699,"href":"https:\/\/cartesa50.com\/ca\/wp-json\/wp\/v2\/pages\/696\/revisions\/699"}],"wp:attachment":[{"href":"https:\/\/cartesa50.com\/ca\/wp-json\/wp\/v2\/media?parent=696"}],"curies":[{"name":"wp","href":"https:\/\/api.w.org\/{rel}","templated":true}]}}