{"id":666,"date":"2019-08-13T11:07:22","date_gmt":"2019-08-13T11:07:22","guid":{"rendered":"https:\/\/cartesa50.com\/sostenibilidad\/"},"modified":"2026-02-26T08:55:21","modified_gmt":"2026-02-26T08:55:21","slug":"sostenibilitat","status":"publish","type":"page","link":"https:\/\/cartesa50.com\/ca\/sostenibilitat\/","title":{"rendered":"Sostenibilitat"},"content":{"rendered":"<div class=\"wpb-content-wrapper\">[vc_row full_width=&#8221;stretch_row&#8221; css=&#8221;.vc_custom_1572978923236{background-position: center !important;background-repeat: no-repeat !important;background-size: cover !important;}&#8221; visibility=&#8221;hidden-phone&#8221;][vc_column][vc_single_image image=&#8221;667&#8243; alignment=&#8221;center&#8221;][vc_column_text responsive_text=&#8221;true&#8221; font_size=&#8221;50&#8243; text_align=&#8221;left&#8221;]\n<h1 style=\"text-align: center;\">Sostenibilitat i comprom\u00eds<\/h1>\n[\/vc_column_text]<div class=\"vcex-spacing wpex-w-100 wpex-clear\" style=\"height:20px;\"><\/div>[vc_column_text]\n<p style=\"text-align: center;\">El comprom\u00eds i la responsabilitat mediambiental s\u00f3n el pilar fonamental per treballar amb un producte reciclat que prov\u00e9 de l&#8217;entorn que ens envolta i mereix ser tractat amb cura i respecte.<\/p>\n[\/vc_column_text]<div class=\"vcex-spacing wpex-w-100 wpex-clear\" style=\"height:40px;\"><\/div><div class=\"vcex-module vcex-divider vcex-divider-solid vcex-divider-center wpex-mx-auto wpex-max-w-100 vcex-divider-has-icon wpex-flex wpex-items-center\" style=\"width:30%;\"><div class=\"vcex-divider-border wpex-flex-grow wpex-border-b wpex-border-solid wpex-border-main\" style=\"border-color:#000000;border-bottom-width:1px;\"><\/div><span class=\"vcex-divider-icon-span wpex-inline-flex wpex-justify-center wpex-items-center wpex-box-content wpex-inline-block wpex-text-center wpex-text-lg wpex-py-10 wpex-px-20\" style=\"font-size:20px;color:#76ab4c;\"><span class=\"wpex-icon\" aria-hidden=\"true\"><svg xmlns=\"http:\/\/www.w3.org\/2000\/svg\" viewBox=\"0 0 32 32\"><path d=\"M22.857 12.571q0-0.464-0.339-0.804t-0.804-0.339q-3.071 0-5.679 0.884t-4.634 2.393-4.205 3.92q-0.339 0.375-0.339 0.804 0 0.464 0.339 0.804t0.804 0.339q0.429 0 0.804-0.339 0.482-0.429 1.321-1.268t1.196-1.179q2.446-2.214 4.795-3.143t5.598-0.929q0.464 0 0.804-0.339t0.339-0.804zM32 9.036q0 1.696-0.357 3.446-0.821 4-3.295 6.839t-6.384 4.786q-3.821 1.929-7.821 1.929-2.643 0-5.107-0.839-0.268-0.089-1.571-0.75t-1.714-0.661q-0.286 0-0.705 0.571t-0.804 1.25-0.938 1.25-1.071 0.571q-0.768 0-1.134-0.313t-0.813-1.063q-0.036-0.071-0.107-0.196t-0.098-0.179-0.054-0.17-0.027-0.241q0-0.625 0.554-1.313t1.214-1.17 1.214-1 0.554-0.857q0-0.071-0.25-0.679t-0.286-0.786q-0.161-0.911-0.161-1.857 0-2.054 0.777-3.929t2.125-3.295 3.045-2.482 3.643-1.705q0.982-0.321 2.589-0.455t3.205-0.161 3.188-0.107 2.92-0.429 2.027-1.009l0.527-0.527t0.527-0.5 0.482-0.357 0.652-0.286 0.777-0.080q0.696 0 1.259 0.821t0.848 2 0.429 2.214 0.143 1.714z\"><\/path><\/svg><\/span><\/span><div class=\"vcex-divider-border wpex-flex-grow wpex-border-b wpex-border-solid wpex-border-main\" style=\"border-color:#000000;border-bottom-width:1px;\"><\/div><\/div><div class=\"vcex-spacing wpex-w-100 wpex-clear\" style=\"height:40px;\"><\/div>[vc_row_inner css=&#8221;.vc_custom_1575481588165{padding-top: 30px !important;padding-right: 30px !important;padding-left: 30px !important;background-color: #76ab4c !important;}&#8221;][vc_column_inner width=&#8221;1\/3&#8243;][vc_column_text responsive_text=&#8221;true&#8221; text_align=&#8221;center&#8221; font_size=&#8221;50&#8243;]\n<h3 style=\"text-align: center;\"><strong><span style=\"font-size: 32px;\"><span class=\"white-text\">Reciclem i som reciclables!<\/span><\/span><\/strong><\/h3>\n[\/vc_column_text][\/vc_column_inner][vc_column_inner width=&#8221;1\/3&#8243;]<div class=\"vcex-spacing wpex-w-100 wpex-clear\" style=\"height:20px;\"><\/div>[vc_single_image image=&#8221;671&#8243; img_size=&#8221;thumbnail&#8221; alignment=&#8221;center&#8221; style=&#8221;vc_box_circle_2&#8243;][\/vc_column_inner][vc_column_inner width=&#8221;1\/3&#8243;]<div class=\"vcex-spacing wpex-w-100 wpex-clear\" style=\"height:20px;\"><\/div>[vc_column_text font_family=&#8221;Montserrat&#8221; font_size=&#8221;d:20|tl:20|tp:20|pl:16|pp:16&#8243; font_weight=&#8221;400&#8243;]\n<p style=\"text-align: center;\"><span class=\"white-text\" style=\"font-size: 18px;\">L&#8217;origen dels nostres cartrons \u00e9s paper usat i recuperat per a nou \u00fas, igual que el nostre producte final que \u00e9s 100% reciclable.<\/span><\/p>\n[\/vc_column_text][\/vc_column_inner][\/vc_row_inner][vc_row_inner][vc_column_inner width=&#8221;2\/3&#8243;]<div class=\"vcex-spacing wpex-w-100 wpex-clear\" style=\"height:40px;\"><\/div>[vc_column_text responsive_text=&#8221;true&#8221; text_align=&#8221;center&#8221; font_size=&#8221;50&#8243;]\n<h3 style=\"text-align: left;\"><span style=\"font-size: 32px;\">Respectar l&#8217;entorn, oferir el millor retorn<\/span><\/h3>\n[\/vc_column_text]<div class=\"vcex-spacing wpex-w-100 wpex-clear\" style=\"height:20px;\"><\/div>[vc_column_text]La implantaci\u00f3 del nostre Sistema de Cadena de Cust\u00f2dia requereix mantenir l&#8217;esfor\u00e7 en garantir que el cartr\u00f3 que fabriquem i distribu\u00efm t\u00e9 el certificat FSC\u00ae. Aix\u00ed, estem segurs sempre que ens serveixen material d&#8217;explotacions controlades, que respecten els valors ecol\u00f2gics, socials i la gesti\u00f3 responsable de bosc. Sempre ens exigirem a nosaltres mateixos i als nostres prove\u00efdors els requisits necessaris que es garanteixi que la mat\u00e8ria no prov\u00e9 de tales il\u00b7legals o conflictives.<\/p>\n<p>Tots els nostres productes poden ser certificats FSC, sempre que se&#8217;ns sol\u00b7liciti a la corresponent comanda.[\/vc_column_text]<div class=\"vcex-spacing wpex-w-100 wpex-clear\" style=\"height:40px;\"><\/div><style>.vcex-button.vcex_6a072f701eb07{background:#76ab4c;color:#ffffff!important;text-transform:none;}.vcex-button.vcex_6a072f701eb07:hover{background:#4f7a2d!important;color:#ffffff!important;}<\/style><div class=\"theme-button-wrap theme-button-block-wrap wpex-block wpex-clear wpex-clr\"><a href=\"https:\/\/cartesa50.com\/descargar-pdf\/CERTFICADO-FSC-ED4-ACTUALIZADO-2025-2029.pdf\" class=\"vcex-button theme-button medium align-left block vcex_6a072f701eb07\" target=\"_blank\" download rel=\"noopener noreferrer\"><span class=\"vcex-button-inner theme-button-inner wpex-flex wpex-flex-wrap wpex-items-center wpex-justify-center\">Descarregar certificat<\/span><\/a><\/div> [\/vc_column_inner][vc_column_inner width=&#8221;1\/3&#8243;]<div class=\"vcex-spacing wpex-w-100 wpex-clear hidden-phone\" style=\"height:140px;\"><\/div>[vc_single_image image=&#8221;733&#8243; alignment=&#8221;center&#8221;][\/vc_column_inner][\/vc_row_inner][\/vc_column][\/vc_row][vc_row full_width=&#8221;stretch_row&#8221; css=&#8221;.vc_custom_1575464388179{background-position: center !important;background-repeat: no-repeat !important;background-size: cover !important;}&#8221; visibility=&#8221;visible-phone&#8221;][vc_column][vc_single_image image=&#8221;667&#8243; alignment=&#8221;center&#8221;][vc_column_text responsive_text=&#8221;true&#8221; font_size=&#8221;50&#8243; text_align=&#8221;left&#8221;]\n<h2 style=\"text-align: center;\">Sostenibilitat i comprom\u00eds<\/h2>\n[\/vc_column_text]<div class=\"vcex-spacing wpex-w-100 wpex-clear\" style=\"height:20px;\"><\/div>[vc_column_text]\n<p style=\"text-align: center;\">El comprom\u00eds i la responsabilitat mediambiental s\u00f3n el pilar fonamental per treballar amb un producte reciclat que prov\u00e9 de l&#8217;entorn que ens envolta i mereix ser tractat amb cura i respecte.<\/p>\n[\/vc_column_text]<div class=\"vcex-spacing wpex-w-100 wpex-clear\" style=\"height:40px;\"><\/div><div class=\"vcex-module vcex-divider vcex-divider-solid vcex-divider-center wpex-mx-auto wpex-max-w-100 vcex-divider-has-icon wpex-flex wpex-items-center\" style=\"width:30%;\"><div class=\"vcex-divider-border wpex-flex-grow wpex-border-b wpex-border-solid wpex-border-main\" style=\"border-color:#000000;border-bottom-width:1px;\"><\/div><span class=\"vcex-divider-icon-span wpex-inline-flex wpex-justify-center wpex-items-center wpex-box-content wpex-inline-block wpex-text-center wpex-text-lg wpex-py-10 wpex-px-20\" style=\"font-size:20px;color:#76ab4c;\"><span class=\"wpex-icon\" aria-hidden=\"true\"><svg xmlns=\"http:\/\/www.w3.org\/2000\/svg\" viewBox=\"0 0 32 32\"><path d=\"M22.857 12.571q0-0.464-0.339-0.804t-0.804-0.339q-3.071 0-5.679 0.884t-4.634 2.393-4.205 3.92q-0.339 0.375-0.339 0.804 0 0.464 0.339 0.804t0.804 0.339q0.429 0 0.804-0.339 0.482-0.429 1.321-1.268t1.196-1.179q2.446-2.214 4.795-3.143t5.598-0.929q0.464 0 0.804-0.339t0.339-0.804zM32 9.036q0 1.696-0.357 3.446-0.821 4-3.295 6.839t-6.384 4.786q-3.821 1.929-7.821 1.929-2.643 0-5.107-0.839-0.268-0.089-1.571-0.75t-1.714-0.661q-0.286 0-0.705 0.571t-0.804 1.25-0.938 1.25-1.071 0.571q-0.768 0-1.134-0.313t-0.813-1.063q-0.036-0.071-0.107-0.196t-0.098-0.179-0.054-0.17-0.027-0.241q0-0.625 0.554-1.313t1.214-1.17 1.214-1 0.554-0.857q0-0.071-0.25-0.679t-0.286-0.786q-0.161-0.911-0.161-1.857 0-2.054 0.777-3.929t2.125-3.295 3.045-2.482 3.643-1.705q0.982-0.321 2.589-0.455t3.205-0.161 3.188-0.107 2.92-0.429 2.027-1.009l0.527-0.527t0.527-0.5 0.482-0.357 0.652-0.286 0.777-0.080q0.696 0 1.259 0.821t0.848 2 0.429 2.214 0.143 1.714z\"><\/path><\/svg><\/span><\/span><div class=\"vcex-divider-border wpex-flex-grow wpex-border-b wpex-border-solid wpex-border-main\" style=\"border-color:#000000;border-bottom-width:1px;\"><\/div><\/div>[vc_column_text responsive_text=&#8221;true&#8221; css=&#8221;.vc_custom_1575910852640{padding-top: 20px !important;padding-right: 20px !important;padding-bottom: 20px !important;padding-left: 20px !important;background-color: #76ab4c !important;}&#8221; text_align=&#8221;center&#8221; font_size=&#8221;50&#8243;]\n<h3 style=\"text-align: center;\"><span style=\"font-size: 28px;\"><strong><span class=\"white-text\">Reciclem i som reciclables<\/span><span class=\"white-text\">!<\/span><\/strong><\/span><\/h3>\n[\/vc_column_text][vc_single_image image=&#8221;671&#8243; img_size=&#8221;thumbnail&#8221; alignment=&#8221;center&#8221; style=&#8221;vc_box_circle_2&#8243; css=&#8221;.vc_custom_1575910577523{padding-top: 10px !important;padding-right: 10px !important;padding-bottom: 30px !important;padding-left: 10px !important;background-color: #76ab4c !important;}&#8221;][vc_column_text css=&#8221;.vc_custom_1575911570209{padding-top: 10px !important;padding-right: 20px !important;padding-bottom: 40px !important;padding-left: 20px !important;background-color: #76ab4c !important;}&#8221;]\n<p style=\"text-align: center;\"><strong><span class=\"white-text\" style=\"font-size: 16px;\">L&#8217;origen dels nostres cartrons \u00e9s paper usat i recuperat per a nou \u00fas, igual que el nostre producte final que \u00e9s 100% reciclable.<\/span><\/strong><\/p>\n[\/vc_column_text][vc_column_text responsive_text=&#8221;true&#8221; text_align=&#8221;center&#8221; font_size=&#8221;50&#8243;]\n<h3 style=\"text-align: left;\"><span style=\"font-size: 32px;\">Respectar l&#8217;entorn, oferir el millor retorn<\/span><\/h3>\n[\/vc_column_text]<div class=\"vcex-spacing wpex-w-100 wpex-clear\" style=\"height:20px;\"><\/div>[vc_column_text]La implantaci\u00f3 del nostre Sistema de Cadena de Cust\u00f2dia requereix mantenir l&#8217;esfor\u00e7 en garantir que el cartr\u00f3 que fabriquem i distribu\u00efm t\u00e9 els certificats en PEFC o FSC\u00ae. Aix\u00ed, estem segurs sempre que ens serveixen material d&#8217;explotacions controlades, que respecten els valors ecol\u00f2gics, socials i la gesti\u00f3 responsable de bosc. Sempre ens exigirem a nosaltres mateixos i als nostres prove\u00efdors els requisits necessaris que es garanteixi que la mat\u00e8ria no prov\u00e9 de tales il\u00b7legals o conflictives.[\/vc_column_text]<div class=\"vcex-spacing wpex-w-100 wpex-clear\" style=\"height:40px;\"><\/div><style>.vcex-button.vcex_6a072f701f903{background:#76ab4c;color:#ffffff!important;text-transform:none;}.vcex-button.vcex_6a072f701f903:hover{background:#4f7a2d!important;color:#ffffff!important;}<\/style><div class=\"theme-button-wrap theme-button-block-wrap wpex-block wpex-clear wpex-clr\"><a href=\"https:\/\/cartesa50.com\/descargar-pdf\/Certificado-FSC-2024-29-Ed3-Cartesa50.pdf\" class=\"vcex-button theme-button medium align-left block vcex_6a072f701f903\" target=\"_blank\" download rel=\"noopener noreferrer\"><span class=\"vcex-button-inner theme-button-inner wpex-flex wpex-flex-wrap wpex-items-center wpex-justify-center\">Descarregar certificat<\/span><\/a><\/div> <div class=\"vcex-spacing wpex-w-100 wpex-clear visible-phone\"><\/div>[vc_single_image image=&#8221;733&#8243; alignment=&#8221;center&#8221; css=&#8221;&#8221;][\/vc_column][\/vc_row][vc_row full_width=&#8221;stretch_row&#8221; visibility=&#8221;hidden-phone&#8221;][vc_column]<div class=\"vcex-module vcex-divider vcex-divider-solid vcex-divider-center wpex-mx-auto wpex-max-w-100 vcex-divider-has-icon wpex-flex wpex-items-center\" style=\"width:30%;\"><div class=\"vcex-divider-border wpex-flex-grow wpex-border-b wpex-border-solid wpex-border-main\" style=\"border-color:#000000;border-bottom-width:1px;\"><\/div><span class=\"vcex-divider-icon-span wpex-inline-flex wpex-justify-center wpex-items-center wpex-box-content wpex-inline-block wpex-text-center wpex-text-lg wpex-py-10 wpex-px-20\" style=\"font-size:20px;color:#76ab4c;\"><span class=\"wpex-icon\" aria-hidden=\"true\"><svg xmlns=\"http:\/\/www.w3.org\/2000\/svg\" viewBox=\"0 0 32 32\"><path d=\"M22.857 12.571q0-0.464-0.339-0.804t-0.804-0.339q-3.071 0-5.679 0.884t-4.634 2.393-4.205 3.92q-0.339 0.375-0.339 0.804 0 0.464 0.339 0.804t0.804 0.339q0.429 0 0.804-0.339 0.482-0.429 1.321-1.268t1.196-1.179q2.446-2.214 4.795-3.143t5.598-0.929q0.464 0 0.804-0.339t0.339-0.804zM32 9.036q0 1.696-0.357 3.446-0.821 4-3.295 6.839t-6.384 4.786q-3.821 1.929-7.821 1.929-2.643 0-5.107-0.839-0.268-0.089-1.571-0.75t-1.714-0.661q-0.286 0-0.705 0.571t-0.804 1.25-0.938 1.25-1.071 0.571q-0.768 0-1.134-0.313t-0.813-1.063q-0.036-0.071-0.107-0.196t-0.098-0.179-0.054-0.17-0.027-0.241q0-0.625 0.554-1.313t1.214-1.17 1.214-1 0.554-0.857q0-0.071-0.25-0.679t-0.286-0.786q-0.161-0.911-0.161-1.857 0-2.054 0.777-3.929t2.125-3.295 3.045-2.482 3.643-1.705q0.982-0.321 2.589-0.455t3.205-0.161 3.188-0.107 2.92-0.429 2.027-1.009l0.527-0.527t0.527-0.5 0.482-0.357 0.652-0.286 0.777-0.080q0.696 0 1.259 0.821t0.848 2 0.429 2.214 0.143 1.714z\"><\/path><\/svg><\/span><\/span><div class=\"vcex-divider-border wpex-flex-grow wpex-border-b wpex-border-solid wpex-border-main\" style=\"border-color:#000000;border-bottom-width:1px;\"><\/div><\/div>[vc_column_text responsive_text=&#8221;true&#8221; text_align=&#8221;center&#8221; font_size=&#8221;50&#8243;]\n<h3 style=\"text-align: center;\"><span style=\"font-size: 32px;\">Tota la nostra electricitat prov\u00e9 de fonts 100% renovables.<\/span><\/h3>\n[\/vc_column_text]<div class=\"vcex-spacing wpex-w-100 wpex-clear\"><\/div>[\/vc_column][\/vc_row][vc_row full_width=&#8221;stretch_row&#8221; visibility=&#8221;hidden-phone&#8221;][vc_column]<div class=\"vcex-module vcex-divider vcex-divider-solid vcex-divider-center wpex-mx-auto wpex-max-w-100 vcex-divider-has-icon wpex-flex wpex-items-center\" style=\"width:30%;\"><div class=\"vcex-divider-border wpex-flex-grow wpex-border-b wpex-border-solid wpex-border-main\" style=\"border-color:#000000;border-bottom-width:1px;\"><\/div><span class=\"vcex-divider-icon-span wpex-inline-flex wpex-justify-center wpex-items-center wpex-box-content wpex-inline-block wpex-text-center wpex-text-lg wpex-py-10 wpex-px-20\" style=\"font-size:20px;color:#76ab4c;\"><span class=\"wpex-icon\" aria-hidden=\"true\"><svg xmlns=\"http:\/\/www.w3.org\/2000\/svg\" viewBox=\"0 0 32 32\"><path d=\"M22.857 12.571q0-0.464-0.339-0.804t-0.804-0.339q-3.071 0-5.679 0.884t-4.634 2.393-4.205 3.92q-0.339 0.375-0.339 0.804 0 0.464 0.339 0.804t0.804 0.339q0.429 0 0.804-0.339 0.482-0.429 1.321-1.268t1.196-1.179q2.446-2.214 4.795-3.143t5.598-0.929q0.464 0 0.804-0.339t0.339-0.804zM32 9.036q0 1.696-0.357 3.446-0.821 4-3.295 6.839t-6.384 4.786q-3.821 1.929-7.821 1.929-2.643 0-5.107-0.839-0.268-0.089-1.571-0.75t-1.714-0.661q-0.286 0-0.705 0.571t-0.804 1.25-0.938 1.25-1.071 0.571q-0.768 0-1.134-0.313t-0.813-1.063q-0.036-0.071-0.107-0.196t-0.098-0.179-0.054-0.17-0.027-0.241q0-0.625 0.554-1.313t1.214-1.17 1.214-1 0.554-0.857q0-0.071-0.25-0.679t-0.286-0.786q-0.161-0.911-0.161-1.857 0-2.054 0.777-3.929t2.125-3.295 3.045-2.482 3.643-1.705q0.982-0.321 2.589-0.455t3.205-0.161 3.188-0.107 2.92-0.429 2.027-1.009l0.527-0.527t0.527-0.5 0.482-0.357 0.652-0.286 0.777-0.080q0.696 0 1.259 0.821t0.848 2 0.429 2.214 0.143 1.714z\"><\/path><\/svg><\/span><\/span><div class=\"vcex-divider-border wpex-flex-grow wpex-border-b wpex-border-solid wpex-border-main\" style=\"border-color:#000000;border-bottom-width:1px;\"><\/div><\/div>[vc_column_text responsive_text=&#8221;true&#8221; text_align=&#8221;center&#8221; font_size=&#8221;50&#8243;]\n<h3 style=\"text-align: center;\"><span style=\"font-size: 32px;\">Ara i en el futur seguirem fomentant les mesures que demostren el nostre respecte pel medi ambient i la sostenibilitat.<\/span><\/h3>\n[\/vc_column_text]<div class=\"vcex-spacing wpex-w-100 wpex-clear\"><\/div>[\/vc_column][\/vc_row][vc_row full_width=&#8221;stretch_row&#8221; visibility=&#8221;visible-phone&#8221;][vc_column]<div class=\"vcex-module vcex-divider vcex-divider-solid vcex-divider-center wpex-mx-auto wpex-max-w-100 vcex-divider-has-icon wpex-flex wpex-items-center\" style=\"width:30%;\"><div class=\"vcex-divider-border wpex-flex-grow wpex-border-b wpex-border-solid wpex-border-main\" style=\"border-color:#000000;border-bottom-width:1px;\"><\/div><span class=\"vcex-divider-icon-span wpex-inline-flex wpex-justify-center wpex-items-center wpex-box-content wpex-inline-block wpex-text-center wpex-text-lg wpex-py-10 wpex-px-20\" style=\"font-size:20px;color:#76ab4c;\"><span class=\"wpex-icon\" aria-hidden=\"true\"><svg xmlns=\"http:\/\/www.w3.org\/2000\/svg\" viewBox=\"0 0 32 32\"><path d=\"M22.857 12.571q0-0.464-0.339-0.804t-0.804-0.339q-3.071 0-5.679 0.884t-4.634 2.393-4.205 3.92q-0.339 0.375-0.339 0.804 0 0.464 0.339 0.804t0.804 0.339q0.429 0 0.804-0.339 0.482-0.429 1.321-1.268t1.196-1.179q2.446-2.214 4.795-3.143t5.598-0.929q0.464 0 0.804-0.339t0.339-0.804zM32 9.036q0 1.696-0.357 3.446-0.821 4-3.295 6.839t-6.384 4.786q-3.821 1.929-7.821 1.929-2.643 0-5.107-0.839-0.268-0.089-1.571-0.75t-1.714-0.661q-0.286 0-0.705 0.571t-0.804 1.25-0.938 1.25-1.071 0.571q-0.768 0-1.134-0.313t-0.813-1.063q-0.036-0.071-0.107-0.196t-0.098-0.179-0.054-0.17-0.027-0.241q0-0.625 0.554-1.313t1.214-1.17 1.214-1 0.554-0.857q0-0.071-0.25-0.679t-0.286-0.786q-0.161-0.911-0.161-1.857 0-2.054 0.777-3.929t2.125-3.295 3.045-2.482 3.643-1.705q0.982-0.321 2.589-0.455t3.205-0.161 3.188-0.107 2.92-0.429 2.027-1.009l0.527-0.527t0.527-0.5 0.482-0.357 0.652-0.286 0.777-0.080q0.696 0 1.259 0.821t0.848 2 0.429 2.214 0.143 1.714z\"><\/path><\/svg><\/span><\/span><div class=\"vcex-divider-border wpex-flex-grow wpex-border-b wpex-border-solid wpex-border-main\" style=\"border-color:#000000;border-bottom-width:1px;\"><\/div><\/div>[vc_column_text responsive_text=&#8221;true&#8221; text_align=&#8221;center&#8221;]\n<h3 style=\"text-align: center;\"><span style=\"font-size: 32px;\">Tota la nostra electricitat prov\u00e9 de fonts 100% renovables.<\/span><\/h3>\n[\/vc_column_text][\/vc_column][\/vc_row][vc_row full_width=&#8221;stretch_row&#8221; visibility=&#8221;visible-phone&#8221;][vc_column]<div class=\"vcex-module vcex-divider vcex-divider-solid vcex-divider-center wpex-mx-auto wpex-max-w-100 vcex-divider-has-icon wpex-flex wpex-items-center\" style=\"width:30%;\"><div class=\"vcex-divider-border wpex-flex-grow wpex-border-b wpex-border-solid wpex-border-main\" style=\"border-color:#000000;border-bottom-width:1px;\"><\/div><span class=\"vcex-divider-icon-span wpex-inline-flex wpex-justify-center wpex-items-center wpex-box-content wpex-inline-block wpex-text-center wpex-text-lg wpex-py-10 wpex-px-20\" style=\"font-size:20px;color:#76ab4c;\"><span class=\"wpex-icon\" aria-hidden=\"true\"><svg xmlns=\"http:\/\/www.w3.org\/2000\/svg\" viewBox=\"0 0 32 32\"><path d=\"M22.857 12.571q0-0.464-0.339-0.804t-0.804-0.339q-3.071 0-5.679 0.884t-4.634 2.393-4.205 3.92q-0.339 0.375-0.339 0.804 0 0.464 0.339 0.804t0.804 0.339q0.429 0 0.804-0.339 0.482-0.429 1.321-1.268t1.196-1.179q2.446-2.214 4.795-3.143t5.598-0.929q0.464 0 0.804-0.339t0.339-0.804zM32 9.036q0 1.696-0.357 3.446-0.821 4-3.295 6.839t-6.384 4.786q-3.821 1.929-7.821 1.929-2.643 0-5.107-0.839-0.268-0.089-1.571-0.75t-1.714-0.661q-0.286 0-0.705 0.571t-0.804 1.25-0.938 1.25-1.071 0.571q-0.768 0-1.134-0.313t-0.813-1.063q-0.036-0.071-0.107-0.196t-0.098-0.179-0.054-0.17-0.027-0.241q0-0.625 0.554-1.313t1.214-1.17 1.214-1 0.554-0.857q0-0.071-0.25-0.679t-0.286-0.786q-0.161-0.911-0.161-1.857 0-2.054 0.777-3.929t2.125-3.295 3.045-2.482 3.643-1.705q0.982-0.321 2.589-0.455t3.205-0.161 3.188-0.107 2.92-0.429 2.027-1.009l0.527-0.527t0.527-0.5 0.482-0.357 0.652-0.286 0.777-0.080q0.696 0 1.259 0.821t0.848 2 0.429 2.214 0.143 1.714z\"><\/path><\/svg><\/span><\/span><div class=\"vcex-divider-border wpex-flex-grow wpex-border-b wpex-border-solid wpex-border-main\" style=\"border-color:#000000;border-bottom-width:1px;\"><\/div><\/div>[vc_column_text responsive_text=&#8221;true&#8221; text_align=&#8221;center&#8221;]\n<h3 style=\"text-align: center;\"><span style=\"font-size: 32px;\">Ara i en el futur seguirem fomentant les mesures que demostren el nostre respecte pel medi ambient i la sostenibilitat.<\/span><\/h3>\n[\/vc_column_text][\/vc_column][\/vc_row][vc_row][vc_column][vc_column_text css=&#8221;&#8221; font_size=&#8221;12px&#8221;]Icona reciclable: <a href=\"https:\/\/www.freepik.com\/free-photo\/natural-protect-environment-business-concept_1047408.htm#fromView=search&amp;page=3&amp;position=17&amp;uuid=21e4d606-2388-42f2-bc7b-4fea2d0fbff2&amp;query=recycling\" target=\"_blank\" rel=\"noopener\">Freepik<\/a>[\/vc_column_text][\/vc_column][\/vc_row]\n<\/div>","protected":false},"excerpt":{"rendered":"<p>[vc_row full_width=&#8221;stretch_row&#8221; css=&#8221;.vc_custom_1572978923236{background-position: center !important;background-repeat: no-repeat !important;background-size: cover !important;}&#8221; visibility=&#8221;hidden-phone&#8221;][vc_column][vc_single_image image=&#8221;667&#8243; alignment=&#8221;center&#8221;][vc_column_text responsive_text=&#8221;true&#8221; font_size=&#8221;50&#8243; text_align=&#8221;left&#8221;] Sostenibilitat i comprom\u00eds [\/vc_column_text][vc_column_text] El comprom\u00eds i la responsabilitat mediambiental s\u00f3n el pilar fonamental per treballar amb un producte reciclat que prov\u00e9 de l&#8217;entorn que ens envolta i mereix ser tractat amb cura i respecte. [\/vc_column_text][vc_row_inner css=&#8221;.vc_custom_1575481588165{padding-top: 30px !important;padding-right: 30px&hellip;<\/p>\n","protected":false},"author":1,"featured_media":0,"parent":0,"menu_order":0,"comment_status":"closed","ping_status":"closed","template":"","meta":{"footnotes":""},"class_list":["post-666","page","type-page","status-publish","hentry","entry","no-media"],"_links":{"self":[{"href":"https:\/\/cartesa50.com\/ca\/wp-json\/wp\/v2\/pages\/666","targetHints":{"allow":["GET"]}}],"collection":[{"href":"https:\/\/cartesa50.com\/ca\/wp-json\/wp\/v2\/pages"}],"about":[{"href":"https:\/\/cartesa50.com\/ca\/wp-json\/wp\/v2\/types\/page"}],"author":[{"embeddable":true,"href":"https:\/\/cartesa50.com\/ca\/wp-json\/wp\/v2\/users\/1"}],"replies":[{"embeddable":true,"href":"https:\/\/cartesa50.com\/ca\/wp-json\/wp\/v2\/comments?post=666"}],"version-history":[{"count":16,"href":"https:\/\/cartesa50.com\/ca\/wp-json\/wp\/v2\/pages\/666\/revisions"}],"predecessor-version":[{"id":737,"href":"https:\/\/cartesa50.com\/ca\/wp-json\/wp\/v2\/pages\/666\/revisions\/737"}],"wp:attachment":[{"href":"https:\/\/cartesa50.com\/ca\/wp-json\/wp\/v2\/media?parent=666"}],"curies":[{"name":"wp","href":"https:\/\/api.w.org\/{rel}","templated":true}]}}